{"id":7663,"date":"2025-09-08T13:17:20","date_gmt":"2025-09-08T11:17:20","guid":{"rendered":"https:\/\/kreatorniazmian.pl\/sklep\/?post_type=product&#038;p=7663"},"modified":"2025-09-08T13:20:55","modified_gmt":"2025-09-08T11:20:55","slug":"mini-konsultacja-dietetyczna-online-mailowa","status":"publish","type":"product","link":"https:\/\/kreatorniazmian.pl\/sklep\/produkt\/mini-konsultacja-dietetyczna-online-mailowa\/","title":{"rendered":"Mini konsultacja dietetyczna online (mailowa)"},"content":{"rendered":"","protected":false},"excerpt":{"rendered":"<p>Mini konsultacja dietetyczna online kontrolna <strong>w postaci mailowej<\/strong> po odbyciu konsultacji wst\u0119pnej lub po zakupie jad\u0142ospisu indywidualnego bez konsultacji. <b>Do maksymalnie 3 maili.\u00a0<\/b><\/p>\n<p><strong>Konsultacja ma na celu profilaktyk\u0119 zdrowotn\u0105 lub wsparcie leczenia chor\u00f3b dietozale\u017cnych.<\/strong><\/p>\n<p>&nbsp;<\/p>\n","protected":false},"featured_media":2305,"comment_status":"closed","ping_status":"closed","template":"","meta":{"_acf_changed":false,"site-sidebar-layout":"default","site-content-layout":"default","ast-site-content-layout":"default","site-content-style":"default","site-sidebar-style":"default","ast-global-header-display":"","ast-banner-title-visibility":"","ast-main-header-display":"","ast-hfb-above-header-display":"","ast-hfb-below-header-display":"","ast-hfb-mobile-header-display":"","site-post-title":"","ast-breadcrumbs-content":"","ast-featured-img":"","footer-sml-layout":"","ast-disable-related-posts":"","theme-transparent-header-meta":"default","adv-header-id-meta":"","stick-header-meta":"","header-above-stick-meta":"","header-main-stick-meta":"","header-below-stick-meta":"","astra-migrate-meta-layouts":"set","ast-page-background-enabled":"default","ast-page-background-meta":{"desktop":{"background-color":"","background-image":"","background-repeat":"repeat","background-position":"center center","background-size":"auto","background-attachment":"scroll","background-type":"","background-media":"","overlay-type":"","overlay-color":"","overlay-opacity":"","overlay-gradient":""},"tablet":{"background-color":"","background-image":"","background-repeat":"repeat","background-position":"center center","background-size":"auto","background-attachment":"scroll","background-type":"","background-media":"","overlay-type":"","overlay-color":"","overlay-opacity":"","overlay-gradient":""},"mobile":{"background-color":"","background-image":"","background-repeat":"repeat","background-position":"center center","background-size":"auto","background-attachment":"scroll","background-type":"","background-media":"","overlay-type":"","overlay-color":"","overlay-opacity":"","overlay-gradient":""}},"ast-content-background-meta":{"desktop":{"background-color":"var(--ast-global-color-5)","background-image":"","background-repeat":"repeat","background-position":"center center","background-size":"auto","background-attachment":"scroll","background-type":"","background-media":"","overlay-type":"","overlay-color":"","overlay-opacity":"","overlay-gradient":""},"tablet":{"background-color":"var(--ast-global-color-5)","background-image":"","background-repeat":"repeat","background-position":"center center","background-size":"auto","background-attachment":"scroll","background-type":"","background-media":"","overlay-type":"","overlay-color":"","overlay-opacity":"","overlay-gradient":""},"mobile":{"background-color":"var(--ast-global-color-5)","background-image":"","background-repeat":"repeat","background-position":"center center","background-size":"auto","background-attachment":"scroll","background-type":"","background-media":"","overlay-type":"","overlay-color":"","overlay-opacity":"","overlay-gradient":""}}},"product_brand":[],"product_cat":[61,52,48,49,50,51],"product_tag":[],"class_list":{"0":"post-7663","1":"product","2":"type-product","3":"status-publish","4":"has-post-thumbnail","6":"product_cat-konsultacje-i-programy-grupowe","7":"product_cat-proplodnosciowe","8":"product_cat-sezonowe","9":"product_cat-w-insulinoopornosci","10":"product_cat-w-niedoczynnosci-tarczycy","11":"product_cat-w-pcos","12":"desktop-align-left","13":"tablet-align-left","14":"mobile-align-left","16":"first","17":"instock","18":"downloadable","19":"virtual","20":"taxable","21":"purchasable","22":"product-type-simple"},"acf":[],"yoast_head":"<!-- This site is optimized with the Yoast SEO plugin v27.3 - https:\/\/yoast.com\/product\/yoast-seo-wordpress\/ -->\n<title>Mini konsultacja dietetyczna online (mailowa) - Kreatornia Zmian<\/title>\n<meta name=\"robots\" content=\"index, follow, max-snippet:-1, max-image-preview:large, max-video-preview:-1\" \/>\n<link rel=\"canonical\" href=\"https:\/\/kreatorniazmian.pl\/sklep\/produkt\/mini-konsultacja-dietetyczna-online-mailowa\/\" \/>\n<meta property=\"og:locale\" content=\"pl_PL\" \/>\n<meta property=\"og:type\" content=\"article\" \/>\n<meta property=\"og:title\" content=\"Mini konsultacja dietetyczna online (mailowa) - Kreatornia Zmian\" \/>\n<meta property=\"og:description\" content=\"Mini konsultacja dietetyczna online kontrolna w postaci mailowej po odbyciu konsultacji wst\u0119pnej lub po zakupie jad\u0142ospisu indywidualnego bez konsultacji. Do maksymalnie 3 maili.\u00a0  Konsultacja ma na celu profilaktyk\u0119 zdrowotn\u0105 lub wsparcie leczenia chor\u00f3b dietozale\u017cnych.  &nbsp;\" \/>\n<meta property=\"og:url\" content=\"https:\/\/kreatorniazmian.pl\/sklep\/produkt\/mini-konsultacja-dietetyczna-online-mailowa\/\" \/>\n<meta property=\"og:site_name\" content=\"Kreatornia Zmian\" \/>\n<meta property=\"article:modified_time\" content=\"2025-09-08T11:20:55+00:00\" \/>\n<meta property=\"og:image\" content=\"https:\/\/kreatorniazmian.pl\/sklep\/wp-content\/uploads\/2021\/11\/konsultacja-kontrolna.png\" \/>\n\t<meta property=\"og:image:width\" content=\"1500\" \/>\n\t<meta property=\"og:image:height\" content=\"1500\" \/>\n\t<meta property=\"og:image:type\" content=\"image\/png\" \/>\n<meta name=\"twitter:card\" content=\"summary_large_image\" \/>\n<meta name=\"twitter:label1\" content=\"Szacowany czas czytania\" \/>\n\t<meta name=\"twitter:data1\" content=\"1 minuta\" \/>\n<script type=\"application\/ld+json\" class=\"yoast-schema-graph\">{\"@context\":\"https:\\\/\\\/schema.org\",\"@graph\":[{\"@type\":\"WebPage\",\"@id\":\"https:\\\/\\\/kreatorniazmian.pl\\\/sklep\\\/produkt\\\/mini-konsultacja-dietetyczna-online-mailowa\\\/\",\"url\":\"https:\\\/\\\/kreatorniazmian.pl\\\/sklep\\\/produkt\\\/mini-konsultacja-dietetyczna-online-mailowa\\\/\",\"name\":\"Mini konsultacja dietetyczna online (mailowa) - Kreatornia Zmian\",\"isPartOf\":{\"@id\":\"https:\\\/\\\/kreatorniazmian.pl\\\/sklep\\\/#website\"},\"primaryImageOfPage\":{\"@id\":\"https:\\\/\\\/kreatorniazmian.pl\\\/sklep\\\/produkt\\\/mini-konsultacja-dietetyczna-online-mailowa\\\/#primaryimage\"},\"image\":{\"@id\":\"https:\\\/\\\/kreatorniazmian.pl\\\/sklep\\\/produkt\\\/mini-konsultacja-dietetyczna-online-mailowa\\\/#primaryimage\"},\"thumbnailUrl\":\"https:\\\/\\\/kreatorniazmian.pl\\\/sklep\\\/wp-content\\\/uploads\\\/2021\\\/11\\\/konsultacja-kontrolna.png\",\"datePublished\":\"2025-09-08T11:17:20+00:00\",\"dateModified\":\"2025-09-08T11:20:55+00:00\",\"breadcrumb\":{\"@id\":\"https:\\\/\\\/kreatorniazmian.pl\\\/sklep\\\/produkt\\\/mini-konsultacja-dietetyczna-online-mailowa\\\/#breadcrumb\"},\"inLanguage\":\"pl-PL\",\"potentialAction\":[{\"@type\":\"ReadAction\",\"target\":[\"https:\\\/\\\/kreatorniazmian.pl\\\/sklep\\\/produkt\\\/mini-konsultacja-dietetyczna-online-mailowa\\\/\"]}]},{\"@type\":\"ImageObject\",\"inLanguage\":\"pl-PL\",\"@id\":\"https:\\\/\\\/kreatorniazmian.pl\\\/sklep\\\/produkt\\\/mini-konsultacja-dietetyczna-online-mailowa\\\/#primaryimage\",\"url\":\"https:\\\/\\\/kreatorniazmian.pl\\\/sklep\\\/wp-content\\\/uploads\\\/2021\\\/11\\\/konsultacja-kontrolna.png\",\"contentUrl\":\"https:\\\/\\\/kreatorniazmian.pl\\\/sklep\\\/wp-content\\\/uploads\\\/2021\\\/11\\\/konsultacja-kontrolna.png\",\"width\":1500,\"height\":1500},{\"@type\":\"BreadcrumbList\",\"@id\":\"https:\\\/\\\/kreatorniazmian.pl\\\/sklep\\\/produkt\\\/mini-konsultacja-dietetyczna-online-mailowa\\\/#breadcrumb\",\"itemListElement\":[{\"@type\":\"ListItem\",\"position\":1,\"name\":\"Strona g\u0142\u00f3wna\",\"item\":\"https:\\\/\\\/kreatorniazmian.pl\\\/sklep\\\/\"},{\"@type\":\"ListItem\",\"position\":2,\"name\":\"Sklep\",\"item\":\"https:\\\/\\\/kreatorniazmian.pl\\\/sklep\\\/sklep\\\/\"},{\"@type\":\"ListItem\",\"position\":3,\"name\":\"Mini konsultacja dietetyczna online (mailowa)\"}]},{\"@type\":\"WebSite\",\"@id\":\"https:\\\/\\\/kreatorniazmian.pl\\\/sklep\\\/#website\",\"url\":\"https:\\\/\\\/kreatorniazmian.pl\\\/sklep\\\/\",\"name\":\"Kreatornia Zmian\",\"description\":\"Dietoterapia z czu\u0142o\u015bci\u0105\",\"publisher\":{\"@id\":\"https:\\\/\\\/kreatorniazmian.pl\\\/sklep\\\/#organization\"},\"potentialAction\":[{\"@type\":\"SearchAction\",\"target\":{\"@type\":\"EntryPoint\",\"urlTemplate\":\"https:\\\/\\\/kreatorniazmian.pl\\\/sklep\\\/?s={search_term_string}\"},\"query-input\":{\"@type\":\"PropertyValueSpecification\",\"valueRequired\":true,\"valueName\":\"search_term_string\"}}],\"inLanguage\":\"pl-PL\"},{\"@type\":\"Organization\",\"@id\":\"https:\\\/\\\/kreatorniazmian.pl\\\/sklep\\\/#organization\",\"name\":\"Kreatornia Zmian Kamila Urbaniak\",\"url\":\"https:\\\/\\\/kreatorniazmian.pl\\\/sklep\\\/\",\"logo\":{\"@type\":\"ImageObject\",\"inLanguage\":\"pl-PL\",\"@id\":\"https:\\\/\\\/kreatorniazmian.pl\\\/sklep\\\/#\\\/schema\\\/logo\\\/image\\\/\",\"url\":\"https:\\\/\\\/kreatorniazmian.pl\\\/sklep\\\/wp-content\\\/uploads\\\/2021\\\/04\\\/kreatornia-zmian.png\",\"contentUrl\":\"https:\\\/\\\/kreatorniazmian.pl\\\/sklep\\\/wp-content\\\/uploads\\\/2021\\\/04\\\/kreatornia-zmian.png\",\"width\":1244,\"height\":669,\"caption\":\"Kreatornia Zmian Kamila Urbaniak\"},\"image\":{\"@id\":\"https:\\\/\\\/kreatorniazmian.pl\\\/sklep\\\/#\\\/schema\\\/logo\\\/image\\\/\"}}]}<\/script>\n<!-- \/ Yoast SEO plugin. -->","yoast_head_json":{"title":"Mini konsultacja dietetyczna online (mailowa) - Kreatornia Zmian","robots":{"index":"index","follow":"follow","max-snippet":"max-snippet:-1","max-image-preview":"max-image-preview:large","max-video-preview":"max-video-preview:-1"},"canonical":"https:\/\/kreatorniazmian.pl\/sklep\/produkt\/mini-konsultacja-dietetyczna-online-mailowa\/","og_locale":"pl_PL","og_type":"article","og_title":"Mini konsultacja dietetyczna online (mailowa) - Kreatornia Zmian","og_description":"Mini konsultacja dietetyczna online kontrolna w postaci mailowej po odbyciu konsultacji wst\u0119pnej lub po zakupie jad\u0142ospisu indywidualnego bez konsultacji. Do maksymalnie 3 maili.\u00a0  Konsultacja ma na celu profilaktyk\u0119 zdrowotn\u0105 lub wsparcie leczenia chor\u00f3b dietozale\u017cnych.  &nbsp;","og_url":"https:\/\/kreatorniazmian.pl\/sklep\/produkt\/mini-konsultacja-dietetyczna-online-mailowa\/","og_site_name":"Kreatornia Zmian","article_modified_time":"2025-09-08T11:20:55+00:00","og_image":[{"width":1500,"height":1500,"url":"https:\/\/kreatorniazmian.pl\/sklep\/wp-content\/uploads\/2021\/11\/konsultacja-kontrolna.png","type":"image\/png"}],"twitter_card":"summary_large_image","twitter_misc":{"Szacowany czas czytania":"1 minuta"},"schema":{"@context":"https:\/\/schema.org","@graph":[{"@type":"WebPage","@id":"https:\/\/kreatorniazmian.pl\/sklep\/produkt\/mini-konsultacja-dietetyczna-online-mailowa\/","url":"https:\/\/kreatorniazmian.pl\/sklep\/produkt\/mini-konsultacja-dietetyczna-online-mailowa\/","name":"Mini konsultacja dietetyczna online (mailowa) - Kreatornia Zmian","isPartOf":{"@id":"https:\/\/kreatorniazmian.pl\/sklep\/#website"},"primaryImageOfPage":{"@id":"https:\/\/kreatorniazmian.pl\/sklep\/produkt\/mini-konsultacja-dietetyczna-online-mailowa\/#primaryimage"},"image":{"@id":"https:\/\/kreatorniazmian.pl\/sklep\/produkt\/mini-konsultacja-dietetyczna-online-mailowa\/#primaryimage"},"thumbnailUrl":"https:\/\/kreatorniazmian.pl\/sklep\/wp-content\/uploads\/2021\/11\/konsultacja-kontrolna.png","datePublished":"2025-09-08T11:17:20+00:00","dateModified":"2025-09-08T11:20:55+00:00","breadcrumb":{"@id":"https:\/\/kreatorniazmian.pl\/sklep\/produkt\/mini-konsultacja-dietetyczna-online-mailowa\/#breadcrumb"},"inLanguage":"pl-PL","potentialAction":[{"@type":"ReadAction","target":["https:\/\/kreatorniazmian.pl\/sklep\/produkt\/mini-konsultacja-dietetyczna-online-mailowa\/"]}]},{"@type":"ImageObject","inLanguage":"pl-PL","@id":"https:\/\/kreatorniazmian.pl\/sklep\/produkt\/mini-konsultacja-dietetyczna-online-mailowa\/#primaryimage","url":"https:\/\/kreatorniazmian.pl\/sklep\/wp-content\/uploads\/2021\/11\/konsultacja-kontrolna.png","contentUrl":"https:\/\/kreatorniazmian.pl\/sklep\/wp-content\/uploads\/2021\/11\/konsultacja-kontrolna.png","width":1500,"height":1500},{"@type":"BreadcrumbList","@id":"https:\/\/kreatorniazmian.pl\/sklep\/produkt\/mini-konsultacja-dietetyczna-online-mailowa\/#breadcrumb","itemListElement":[{"@type":"ListItem","position":1,"name":"Strona g\u0142\u00f3wna","item":"https:\/\/kreatorniazmian.pl\/sklep\/"},{"@type":"ListItem","position":2,"name":"Sklep","item":"https:\/\/kreatorniazmian.pl\/sklep\/sklep\/"},{"@type":"ListItem","position":3,"name":"Mini konsultacja dietetyczna online (mailowa)"}]},{"@type":"WebSite","@id":"https:\/\/kreatorniazmian.pl\/sklep\/#website","url":"https:\/\/kreatorniazmian.pl\/sklep\/","name":"Kreatornia Zmian","description":"Dietoterapia z czu\u0142o\u015bci\u0105","publisher":{"@id":"https:\/\/kreatorniazmian.pl\/sklep\/#organization"},"potentialAction":[{"@type":"SearchAction","target":{"@type":"EntryPoint","urlTemplate":"https:\/\/kreatorniazmian.pl\/sklep\/?s={search_term_string}"},"query-input":{"@type":"PropertyValueSpecification","valueRequired":true,"valueName":"search_term_string"}}],"inLanguage":"pl-PL"},{"@type":"Organization","@id":"https:\/\/kreatorniazmian.pl\/sklep\/#organization","name":"Kreatornia Zmian Kamila Urbaniak","url":"https:\/\/kreatorniazmian.pl\/sklep\/","logo":{"@type":"ImageObject","inLanguage":"pl-PL","@id":"https:\/\/kreatorniazmian.pl\/sklep\/#\/schema\/logo\/image\/","url":"https:\/\/kreatorniazmian.pl\/sklep\/wp-content\/uploads\/2021\/04\/kreatornia-zmian.png","contentUrl":"https:\/\/kreatorniazmian.pl\/sklep\/wp-content\/uploads\/2021\/04\/kreatornia-zmian.png","width":1244,"height":669,"caption":"Kreatornia Zmian Kamila Urbaniak"},"image":{"@id":"https:\/\/kreatorniazmian.pl\/sklep\/#\/schema\/logo\/image\/"}}]}},"_links":{"self":[{"href":"https:\/\/kreatorniazmian.pl\/sklep\/wp-json\/wp\/v2\/product\/7663","targetHints":{"allow":["GET"]}}],"collection":[{"href":"https:\/\/kreatorniazmian.pl\/sklep\/wp-json\/wp\/v2\/product"}],"about":[{"href":"https:\/\/kreatorniazmian.pl\/sklep\/wp-json\/wp\/v2\/types\/product"}],"replies":[{"embeddable":true,"href":"https:\/\/kreatorniazmian.pl\/sklep\/wp-json\/wp\/v2\/comments?post=7663"}],"version-history":[{"count":2,"href":"https:\/\/kreatorniazmian.pl\/sklep\/wp-json\/wp\/v2\/product\/7663\/revisions"}],"predecessor-version":[{"id":7666,"href":"https:\/\/kreatorniazmian.pl\/sklep\/wp-json\/wp\/v2\/product\/7663\/revisions\/7666"}],"wp:featuredmedia":[{"embeddable":true,"href":"https:\/\/kreatorniazmian.pl\/sklep\/wp-json\/wp\/v2\/media\/2305"}],"wp:attachment":[{"href":"https:\/\/kreatorniazmian.pl\/sklep\/wp-json\/wp\/v2\/media?parent=7663"}],"wp:term":[{"taxonomy":"product_brand","embeddable":true,"href":"https:\/\/kreatorniazmian.pl\/sklep\/wp-json\/wp\/v2\/product_brand?post=7663"},{"taxonomy":"product_cat","embeddable":true,"href":"https:\/\/kreatorniazmian.pl\/sklep\/wp-json\/wp\/v2\/product_cat?post=7663"},{"taxonomy":"product_tag","embeddable":true,"href":"https:\/\/kreatorniazmian.pl\/sklep\/wp-json\/wp\/v2\/product_tag?post=7663"}],"curies":[{"name":"wp","href":"https:\/\/api.w.org\/{rel}","templated":true}]}}