{"id":5521,"date":"2024-11-14T16:04:39","date_gmt":"2024-11-14T15:04:39","guid":{"rendered":"https:\/\/kreatorniazmian.pl\/sklep\/?post_type=product&#038;p=5521"},"modified":"2024-12-20T13:04:48","modified_gmt":"2024-12-20T12:04:48","slug":"pakiet-opieki-dietetycznej-1-miesiac","status":"publish","type":"product","link":"https:\/\/kreatorniazmian.pl\/sklep\/produkt\/pakiet-opieki-dietetycznej-1-miesiac\/","title":{"rendered":"Kompleksowy pakiet opieki dietetycznej &#8211; 1 miesi\u0105c"},"content":{"rendered":"<h3><strong>\u2728 Co zawiera Miesi\u0119czny Pakiet Opieki Dietetycznej? \u2728<\/strong><\/h3>\n<p>&nbsp;<\/p>\n<p><strong>1. \ud83d\udc69\u200d\ud83d\udcbbKonsultacja dietetyczna online (do 60 minut):<\/strong><\/p>\n<ul>\n<li>Spotkanie odbywa si\u0119 za po\u015brednictwem <strong>Google Meet,<\/strong> w terminie, kt\u00f3ry wybierzesz po zakupie pakietu.<\/li>\n<li>Przed konsultacj\u0105<strong> analizuj\u0119 Twoje wyniki bada\u0144<\/strong>, wype\u0142niony kwestionariusz i dzienniczek \u017cywieniowy, aby\u015bmy mog\u0142y od razu przej\u015b\u0107 do szczeg\u00f3\u0142owych ustale\u0144 i optymalnych rozwi\u0105za\u0144. Tw\u00f3j czas jest dla mnie cenny \u2013 \u017cadna minuta nie zostanie zmarnowana.<\/li>\n<\/ul>\n<ol>\n<li style=\"list-style-type: none;\"><\/li>\n<\/ol>\n<p><strong>2. \ud83d\udccb Indywidualne zalecenia dietetyczne, zwi\u0105zane ze stylem \u017cycia i suplementacyjne:<\/strong><\/p>\n<ul>\n<li><strong>Otrzymasz szczeg\u00f3\u0142owe, indywidualne zalecenia dietetyczne<\/strong> dostosowane do Twojej sytuacji zdrowotnej, cel\u00f3w i stylu \u017cycia.<\/li>\n<li>Zalecenia obejmuj\u0105 zar\u00f3wno diet\u0119, elementy stylu \u017cycia (sen, stres itd.) jak i ewentualne suplementy wspieraj\u0105ce proces terapii, je\u015bli wymaga tego Tw\u00f3j stan zdrowia.<\/li>\n<\/ul>\n<ol>\n<li style=\"list-style-type: none;\"><\/li>\n<\/ol>\n<p><strong>3. \ud83e\udd57 Indywidualny 7-dniowy jad\u0142ospis dostosowany do Twojej sytuacji osobistej i zdrowotnej<\/strong><\/p>\n<ul>\n<li>Stworzony na podstawie <strong>Twoich preferencji smakowych,<\/strong> umiej\u0119tno\u015bci kulinarnych, stanu zdrowia i celu, a tak\u017ce dost\u0119pno\u015bci produkt\u00f3w w kraju, w kt\u00f3rym mieszkasz (plik PDF).<\/li>\n<li>Otrzymasz tak\u017ce dost\u0119p do nowoczesnej aplikacji mobilnej Alloweat, w kt\u00f3rej znajdziesz sw\u00f3j jad\u0142ospis (gotowy do modyfikacji, z mo\u017cliwo\u015bci\u0105 wymiany ca\u0142ych da\u0144, sk\u0142adnik\u00f3w w dos\u0142ownie kilka klikni\u0119\u0107).<\/li>\n<\/ul>\n<p><b>4. \ud83d\udcf1<\/b><strong>Kontakt na czacie w aplikacji mobilnej przez 30 dni:<\/strong><\/p>\n<ul>\n<li>Otrzymujesz dost\u0119p do czatu w aplikacji mobilnej, kt\u00f3ry umo\u017cliwia bie\u017c\u0105ce wsparcie, zadawanie pyta\u0144 i wiele wi\u0119cej. Koniec z pisaniem maili. Teraz kontakt ze mn\u0105 b\u0119dziesz mie\u0107 na wyci\u0105gni\u0119cie telefonu z kieszeni.<\/li>\n<li><strong>30-dniowy kontakt na czacie jest nieograniczony przez okres trwania pakietu.<\/strong> 30 dni jest liczone od dnia przekazania zalece\u0144 i jad\u0142ospisu.<\/li>\n<\/ul>\n<p>5. \ud83e\udd33 <strong style=\"font-size: 16px;\">Konsultacja kontrolna:<\/strong><\/p>\n<ul>\n<li>W trakcie trwania pakietu (do 6 tygodni od zakupu) mo\u017cesz skorzysta\u0107 z kontrolnego spotkania, aby om\u00f3wi\u0107 swoje post\u0119py, zada\u0107 dodatkowe pytania, otrzyma\u0107 motywacj\u0119 i wsparcie twarz\u0105 w twarz.<\/li>\n<\/ul>\n<p>&nbsp;<\/p>\n<hr \/>\n<h3><strong>\u2728 Jak wygl\u0105da proces wsp\u00f3\u0142pracy? \u2728<\/strong><\/h3>\n<p>&nbsp;<\/p>\n<p><strong>1. \ud83d\udcd1 Przygotowanie:<\/strong><\/p>\n<ul>\n<li>Po zakupie pakietu otrzymasz dost\u0119p do aplikacji mobilnej Alloweat. Wype\u0142nisz w niej kwestionariusz \u017cywieniowo-zdrowotny oraz b\u0119dziesz prowadzi\u0107 dzienniczek \u017cywieniowy przez 7 dni (w aplikacji mobilnej lub interaktywnym formularzu online &#8211; do uzgodnienia).<\/li>\n<li>Przesy\u0142asz mi mailowe swoje wyniki bada\u0144 laboratoryjnych \u2013 przeanalizuj\u0119 je, aby zapewni\u0107 jak najlepsze dopasowanie planu do Twojego zdrowia.<\/li>\n<\/ul>\n<p><strong>2<\/strong>. \ud83d\udc69\u200d\ud83d\udcbb <strong>Konsultacja:<\/strong><\/p>\n<ul>\n<li>Podczas konsultacji omawiamy Twoje cele zdrowotne, wyzwania i potrzeby. Pog\u0142\u0119biam analiz\u0119 Twojej sytuacji, aby zaproponowa\u0107 najlepsze rozwi\u0105zania dietetyczne i suplementacyjne.<\/li>\n<\/ul>\n<p>3. \ud83d\udccb\ud83e\udd57 <strong>Zalecenia i jad\u0142ospis:<\/strong><\/p>\n<ul>\n<li>Do 7 dni roboczych od konsultacji otrzymasz: <strong>szczeg\u00f3\u0142owe zalecenia dietetyczne, suplementacyjne, zwi\u0105zane ze stylem \u017cycia oraz <\/strong><strong>indywidualny jad\u0142ospis.<\/strong><\/li>\n<\/ul>\n<p>4. \ud83c\udfaf\ud83d\udc96<strong style=\"font-size: 16px;\">Wsparcie i monitorowanie:<\/strong><\/p>\n<ul>\n<li>Przez 30 dni masz dost\u0119p do czatu w aplikacji, gdzie mo\u017cesz zadawa\u0107 pytania, zg\u0142asza\u0107 uwagi i otrzymywa\u0107 odpowiedzi na bie\u017c\u0105co.<\/li>\n<\/ul>\n<p>5. \ud83e\udd33 <strong>Konsultacja kontrolna:<\/strong><\/p>\n<ul>\n<li>W trakcie trwania pakietu spotykamy si\u0119 na kontrolnym spotkaniu, aby om\u00f3wi\u0107 Twoje post\u0119py, wprowadzi\u0107 ewentualne zmiany i wsp\u00f3lnie \u015bwi\u0119towa\u0107 sukcesy oraz podj\u0105\u0107 decyzj\u0119 o dalszych krokach wsp\u00f3\u0142pracy.<\/li>\n<\/ul>\n<p>&nbsp;<\/p>\n<hr \/>\n<h3><strong>\u2728 Co zyskujesz: \u2728<\/strong><\/h3>\n<p>&nbsp;<\/p>\n<ul>\n<li><strong>Indywidualne podej\u015bcie:<\/strong> Plany dietetyczne i zalecenia s\u0105 dopasowane do Twoich potrzeb i stylu \u017cycia. Indywidualny jad\u0142ospis jest skrojony na miar\u0119 Twoich potrzeb.<\/li>\n<li><strong>Kompleksowe wsparcie:<\/strong> Masz pewno\u015b\u0107, \u017ce Twoje zdrowie jest w dobrych r\u0119kach, a ka\u017cdy aspekt wsp\u00f3\u0142pracy jest dok\u0142adnie przemy\u015blany.<\/li>\n<li><strong>Widoczne efekty:<\/strong> Moi klienci zauwa\u017caj\u0105 popraw\u0119 poziomu energii, lepsz\u0105 kontrol\u0119 wagi i og\u00f3ln\u0105 popraw\u0119 samopoczucia, a tak\u017ce popraw\u0119 w poziomie syto\u015bci, wypr\u00f3\u017cnianiu, stanie w\u0142os\u00f3w i paznokci, poziomie koncentracji. Wskazuj\u0105, \u017ce lepiej \u015bpi\u0105, poprawia si\u0119 stan ich cery, znikaj\u0105 niejednokrotnie zmiany sk\u00f3rne np. przesuszenia. Dochodzi do poprawy wynik\u00f3w bada\u0144, redukcji insulinooporno\u015bci, przywr\u00f3cenia miesi\u0105czki, owulacji. W zale\u017cno\u015bci od celu konsultacji klientki widz\u0119 r\u00f3\u017cne, ale zawsze wa\u017cne dla nich zmiany.<\/li>\n<li><strong>Nowoczesne narz\u0119dzia i sprawdzony spos\u00f3b wsp\u00f3\u0142pracy: <\/strong>Korzystam z aplikacji mobilnej Alloweat, kt\u00f3ra u\u0142atwia organizacj\u0119 diety i umo\u017cliwia sta\u0142y kontakt &#8211; to najnowocze\u015bniejsze narz\u0119dzie wsparcia dietetyka i klienta w realizacji cel\u00f3w. Od ponad 10 lat wsp\u00f3\u0142pracuj\u0119 indywidualnie z kobietami, mam ogromne do\u015bwiadczenie i nieustannie aktualizowan\u0105 wiedz\u0119 dietetyczn\u0105 w zakresie dietoterapii, wsparcia psychologicznego w procesie, roli uk\u0142adu nerwowego i wiele wi\u0119cej.<\/li>\n<\/ul>\n<h3><\/h3>\n<h3><strong>\ud83d\uddd3\ufe0f Zam\u00f3w sw\u00f3j pakiet ju\u017c dzi\u015b!<\/strong><\/h3>\n<p>Nie czekaj na idealny moment &#8211; nie ma idealnych moment\u00f3w &#8211; zacznij<strong>\u00a0dba\u0107 o swoje zdrowie ju\u017c teraz.<\/strong><\/p>\n<p>&nbsp;<\/p>\n<ul>\n<li style=\"list-style-type: none;\"><\/li>\n<\/ul>\n<ol>\n<li style=\"list-style-type: none;\">\n<ul>\n<li style=\"list-style-type: none;\"><\/li>\n<\/ul>\n<\/li>\n<\/ol>\n","protected":false},"excerpt":{"rendered":"<p><strong>Zadbaj o swoje zdrowie dzi\u0119ki kompleksowej opiece dietetycznej online dostosowanej do Twoich potrzeb, stanu zdrowia i stylu \u017cycia.<\/strong><\/p>\n<ul>\n<li>Ten pakiet zosta\u0142 stworzony z my\u015bl\u0105 <strong>o kobietach zdrowych<\/strong>, kt\u00f3re pragn\u0105 zadba\u0107 o siebie i poprawi\u0107 swoje samopoczucie oraz nawyki \u017cywieniowe.<\/li>\n<li>A tak\u017ce <strong>dla kobiet z insulinooporno\u015bci\u0105, PCOS, niedoczynno\u015bci\u0105 tarczycy, nadwag\u0105\/oty\u0142o\u015bci\u0105 oraz innymi zaburzeniami hormonalnymi,<\/strong> kt\u00f3re szukaj\u0105 skutecznych, indywidualnych rozwi\u0105za\u0144 wspieraj\u0105cych zdrowie.<\/li>\n<li>Pracuj\u0119 w duchu <strong>czu\u0142ej dyscypliny, wykorzystuj\u0105c wiedz\u0119 z zakresu psychodietetyki oraz funkcjonowania uk\u0142adu nerwowego<\/strong> i jego wp\u0142ywu na zachowania \u017cywieniowe. Korzystam z najnowszych okry\u0107 nauki o psychologii zmiany.<\/li>\n<\/ul>\n","protected":false},"featured_media":1872,"comment_status":"closed","ping_status":"closed","template":"","meta":{"_acf_changed":false,"site-sidebar-layout":"default","site-content-layout":"default","ast-site-content-layout":"default","site-content-style":"default","site-sidebar-style":"default","ast-global-header-display":"","ast-banner-title-visibility":"","ast-main-header-display":"","ast-hfb-above-header-display":"","ast-hfb-below-header-display":"","ast-hfb-mobile-header-display":"","site-post-title":"","ast-breadcrumbs-content":"","ast-featured-img":"","footer-sml-layout":"","ast-disable-related-posts":"","theme-transparent-header-meta":"default","adv-header-id-meta":"","stick-header-meta":"","header-above-stick-meta":"","header-main-stick-meta":"","header-below-stick-meta":"","astra-migrate-meta-layouts":"set","ast-page-background-enabled":"default","ast-page-background-meta":{"desktop":{"background-color":"","background-image":"","background-repeat":"repeat","background-position":"center center","background-size":"auto","background-attachment":"scroll","background-type":"","background-media":"","overlay-type":"","overlay-color":"","overlay-opacity":"","overlay-gradient":""},"tablet":{"background-color":"","background-image":"","background-repeat":"repeat","background-position":"center center","background-size":"auto","background-attachment":"scroll","background-type":"","background-media":"","overlay-type":"","overlay-color":"","overlay-opacity":"","overlay-gradient":""},"mobile":{"background-color":"","background-image":"","background-repeat":"repeat","background-position":"center center","background-size":"auto","background-attachment":"scroll","background-type":"","background-media":"","overlay-type":"","overlay-color":"","overlay-opacity":"","overlay-gradient":""}},"ast-content-background-meta":{"desktop":{"background-color":"var(--ast-global-color-5)","background-image":"","background-repeat":"repeat","background-position":"center center","background-size":"auto","background-attachment":"scroll","background-type":"","background-media":"","overlay-type":"","overlay-color":"","overlay-opacity":"","overlay-gradient":""},"tablet":{"background-color":"var(--ast-global-color-5)","background-image":"","background-repeat":"repeat","background-position":"center center","background-size":"auto","background-attachment":"scroll","background-type":"","background-media":"","overlay-type":"","overlay-color":"","overlay-opacity":"","overlay-gradient":""},"mobile":{"background-color":"var(--ast-global-color-5)","background-image":"","background-repeat":"repeat","background-position":"center center","background-size":"auto","background-attachment":"scroll","background-type":"","background-media":"","overlay-type":"","overlay-color":"","overlay-opacity":"","overlay-gradient":""}}},"product_brand":[],"product_cat":[61,52,48,49,50,51],"product_tag":[],"class_list":{"0":"post-5521","1":"product","2":"type-product","3":"status-publish","4":"has-post-thumbnail","6":"product_cat-konsultacje-i-programy-grupowe","7":"product_cat-proplodnosciowe","8":"product_cat-sezonowe","9":"product_cat-w-insulinoopornosci","10":"product_cat-w-niedoczynnosci-tarczycy","11":"product_cat-w-pcos","12":"desktop-align-left","13":"tablet-align-left","14":"mobile-align-left","16":"first","17":"instock","18":"taxable","19":"shipping-taxable","20":"purchasable","21":"product-type-variable"},"acf":[],"yoast_head":"<!-- This site is optimized with the Yoast SEO plugin v27.3 - https:\/\/yoast.com\/product\/yoast-seo-wordpress\/ -->\n<title>Dietetyk konsultacje, dietetyk w Anglii, dietetyk w UK<\/title>\n<meta name=\"description\" content=\"Konsultacja dietetyczna, dietetyk w Anglii, dietetyk w UK, konsultacje w insulinooporno\u015bci, dietetyk konsultacje online, konsultacje dietetyczne\" \/>\n<meta name=\"robots\" content=\"index, follow, max-snippet:-1, max-image-preview:large, max-video-preview:-1\" \/>\n<link rel=\"canonical\" href=\"https:\/\/kreatorniazmian.pl\/sklep\/produkt\/pakiet-opieki-dietetycznej-1-miesiac\/\" \/>\n<meta property=\"og:locale\" content=\"pl_PL\" \/>\n<meta property=\"og:type\" content=\"article\" \/>\n<meta property=\"og:title\" content=\"Dietetyk konsultacje, dietetyk w Anglii, dietetyk w UK\" \/>\n<meta property=\"og:description\" content=\"Konsultacja dietetyczna, dietetyk w Anglii, dietetyk w UK, konsultacje w insulinooporno\u015bci, dietetyk konsultacje online, konsultacje dietetyczne\" \/>\n<meta property=\"og:url\" content=\"https:\/\/kreatorniazmian.pl\/sklep\/produkt\/pakiet-opieki-dietetycznej-1-miesiac\/\" \/>\n<meta property=\"og:site_name\" content=\"Kreatornia Zmian\" \/>\n<meta property=\"article:modified_time\" content=\"2024-12-20T12:04:48+00:00\" \/>\n<meta property=\"og:image\" content=\"https:\/\/kreatorniazmian.pl\/sklep\/wp-content\/uploads\/2021\/09\/pakiet-miesie\u0328czny.png\" \/>\n\t<meta property=\"og:image:width\" content=\"1500\" \/>\n\t<meta property=\"og:image:height\" content=\"1500\" \/>\n\t<meta property=\"og:image:type\" content=\"image\/png\" \/>\n<meta name=\"twitter:card\" content=\"summary_large_image\" \/>\n<meta name=\"twitter:label1\" content=\"Szacowany czas czytania\" \/>\n\t<meta name=\"twitter:data1\" content=\"4 minuty\" \/>\n<script type=\"application\/ld+json\" class=\"yoast-schema-graph\">{\"@context\":\"https:\\\/\\\/schema.org\",\"@graph\":[{\"@type\":\"WebPage\",\"@id\":\"https:\\\/\\\/kreatorniazmian.pl\\\/sklep\\\/produkt\\\/pakiet-opieki-dietetycznej-1-miesiac\\\/\",\"url\":\"https:\\\/\\\/kreatorniazmian.pl\\\/sklep\\\/produkt\\\/pakiet-opieki-dietetycznej-1-miesiac\\\/\",\"name\":\"Dietetyk konsultacje, dietetyk w Anglii, dietetyk w UK\",\"isPartOf\":{\"@id\":\"https:\\\/\\\/kreatorniazmian.pl\\\/sklep\\\/#website\"},\"primaryImageOfPage\":{\"@id\":\"https:\\\/\\\/kreatorniazmian.pl\\\/sklep\\\/produkt\\\/pakiet-opieki-dietetycznej-1-miesiac\\\/#primaryimage\"},\"image\":{\"@id\":\"https:\\\/\\\/kreatorniazmian.pl\\\/sklep\\\/produkt\\\/pakiet-opieki-dietetycznej-1-miesiac\\\/#primaryimage\"},\"thumbnailUrl\":\"https:\\\/\\\/kreatorniazmian.pl\\\/sklep\\\/wp-content\\\/uploads\\\/2021\\\/09\\\/pakiet-miesie\u0328czny.png\",\"datePublished\":\"2024-11-14T15:04:39+00:00\",\"dateModified\":\"2024-12-20T12:04:48+00:00\",\"description\":\"Konsultacja dietetyczna, dietetyk w Anglii, dietetyk w UK, konsultacje w insulinooporno\u015bci, dietetyk konsultacje online, konsultacje dietetyczne\",\"breadcrumb\":{\"@id\":\"https:\\\/\\\/kreatorniazmian.pl\\\/sklep\\\/produkt\\\/pakiet-opieki-dietetycznej-1-miesiac\\\/#breadcrumb\"},\"inLanguage\":\"pl-PL\",\"potentialAction\":[{\"@type\":\"ReadAction\",\"target\":[\"https:\\\/\\\/kreatorniazmian.pl\\\/sklep\\\/produkt\\\/pakiet-opieki-dietetycznej-1-miesiac\\\/\"]}]},{\"@type\":\"ImageObject\",\"inLanguage\":\"pl-PL\",\"@id\":\"https:\\\/\\\/kreatorniazmian.pl\\\/sklep\\\/produkt\\\/pakiet-opieki-dietetycznej-1-miesiac\\\/#primaryimage\",\"url\":\"https:\\\/\\\/kreatorniazmian.pl\\\/sklep\\\/wp-content\\\/uploads\\\/2021\\\/09\\\/pakiet-miesie\u0328czny.png\",\"contentUrl\":\"https:\\\/\\\/kreatorniazmian.pl\\\/sklep\\\/wp-content\\\/uploads\\\/2021\\\/09\\\/pakiet-miesie\u0328czny.png\",\"width\":1500,\"height\":1500},{\"@type\":\"BreadcrumbList\",\"@id\":\"https:\\\/\\\/kreatorniazmian.pl\\\/sklep\\\/produkt\\\/pakiet-opieki-dietetycznej-1-miesiac\\\/#breadcrumb\",\"itemListElement\":[{\"@type\":\"ListItem\",\"position\":1,\"name\":\"Strona g\u0142\u00f3wna\",\"item\":\"https:\\\/\\\/kreatorniazmian.pl\\\/sklep\\\/\"},{\"@type\":\"ListItem\",\"position\":2,\"name\":\"Sklep\",\"item\":\"https:\\\/\\\/kreatorniazmian.pl\\\/sklep\\\/sklep\\\/\"},{\"@type\":\"ListItem\",\"position\":3,\"name\":\"Kompleksowy pakiet opieki dietetycznej &#8211; 1 miesi\u0105c\"}]},{\"@type\":\"WebSite\",\"@id\":\"https:\\\/\\\/kreatorniazmian.pl\\\/sklep\\\/#website\",\"url\":\"https:\\\/\\\/kreatorniazmian.pl\\\/sklep\\\/\",\"name\":\"Kreatornia Zmian\",\"description\":\"Dietoterapia z czu\u0142o\u015bci\u0105\",\"publisher\":{\"@id\":\"https:\\\/\\\/kreatorniazmian.pl\\\/sklep\\\/#organization\"},\"potentialAction\":[{\"@type\":\"SearchAction\",\"target\":{\"@type\":\"EntryPoint\",\"urlTemplate\":\"https:\\\/\\\/kreatorniazmian.pl\\\/sklep\\\/?s={search_term_string}\"},\"query-input\":{\"@type\":\"PropertyValueSpecification\",\"valueRequired\":true,\"valueName\":\"search_term_string\"}}],\"inLanguage\":\"pl-PL\"},{\"@type\":\"Organization\",\"@id\":\"https:\\\/\\\/kreatorniazmian.pl\\\/sklep\\\/#organization\",\"name\":\"Kreatornia Zmian Kamila Urbaniak\",\"url\":\"https:\\\/\\\/kreatorniazmian.pl\\\/sklep\\\/\",\"logo\":{\"@type\":\"ImageObject\",\"inLanguage\":\"pl-PL\",\"@id\":\"https:\\\/\\\/kreatorniazmian.pl\\\/sklep\\\/#\\\/schema\\\/logo\\\/image\\\/\",\"url\":\"https:\\\/\\\/kreatorniazmian.pl\\\/sklep\\\/wp-content\\\/uploads\\\/2021\\\/04\\\/kreatornia-zmian.png\",\"contentUrl\":\"https:\\\/\\\/kreatorniazmian.pl\\\/sklep\\\/wp-content\\\/uploads\\\/2021\\\/04\\\/kreatornia-zmian.png\",\"width\":1244,\"height\":669,\"caption\":\"Kreatornia Zmian Kamila Urbaniak\"},\"image\":{\"@id\":\"https:\\\/\\\/kreatorniazmian.pl\\\/sklep\\\/#\\\/schema\\\/logo\\\/image\\\/\"}}]}<\/script>\n<!-- \/ Yoast SEO plugin. -->","yoast_head_json":{"title":"Dietetyk konsultacje, dietetyk w Anglii, dietetyk w UK","description":"Konsultacja dietetyczna, dietetyk w Anglii, dietetyk w UK, konsultacje w insulinooporno\u015bci, dietetyk konsultacje online, konsultacje dietetyczne","robots":{"index":"index","follow":"follow","max-snippet":"max-snippet:-1","max-image-preview":"max-image-preview:large","max-video-preview":"max-video-preview:-1"},"canonical":"https:\/\/kreatorniazmian.pl\/sklep\/produkt\/pakiet-opieki-dietetycznej-1-miesiac\/","og_locale":"pl_PL","og_type":"article","og_title":"Dietetyk konsultacje, dietetyk w Anglii, dietetyk w UK","og_description":"Konsultacja dietetyczna, dietetyk w Anglii, dietetyk w UK, konsultacje w insulinooporno\u015bci, dietetyk konsultacje online, konsultacje dietetyczne","og_url":"https:\/\/kreatorniazmian.pl\/sklep\/produkt\/pakiet-opieki-dietetycznej-1-miesiac\/","og_site_name":"Kreatornia Zmian","article_modified_time":"2024-12-20T12:04:48+00:00","og_image":[{"width":1500,"height":1500,"url":"https:\/\/kreatorniazmian.pl\/sklep\/wp-content\/uploads\/2021\/09\/pakiet-miesie\u0328czny.png","type":"image\/png"}],"twitter_card":"summary_large_image","twitter_misc":{"Szacowany czas czytania":"4 minuty"},"schema":{"@context":"https:\/\/schema.org","@graph":[{"@type":"WebPage","@id":"https:\/\/kreatorniazmian.pl\/sklep\/produkt\/pakiet-opieki-dietetycznej-1-miesiac\/","url":"https:\/\/kreatorniazmian.pl\/sklep\/produkt\/pakiet-opieki-dietetycznej-1-miesiac\/","name":"Dietetyk konsultacje, dietetyk w Anglii, dietetyk w UK","isPartOf":{"@id":"https:\/\/kreatorniazmian.pl\/sklep\/#website"},"primaryImageOfPage":{"@id":"https:\/\/kreatorniazmian.pl\/sklep\/produkt\/pakiet-opieki-dietetycznej-1-miesiac\/#primaryimage"},"image":{"@id":"https:\/\/kreatorniazmian.pl\/sklep\/produkt\/pakiet-opieki-dietetycznej-1-miesiac\/#primaryimage"},"thumbnailUrl":"https:\/\/kreatorniazmian.pl\/sklep\/wp-content\/uploads\/2021\/09\/pakiet-miesie\u0328czny.png","datePublished":"2024-11-14T15:04:39+00:00","dateModified":"2024-12-20T12:04:48+00:00","description":"Konsultacja dietetyczna, dietetyk w Anglii, dietetyk w UK, konsultacje w insulinooporno\u015bci, dietetyk konsultacje online, konsultacje dietetyczne","breadcrumb":{"@id":"https:\/\/kreatorniazmian.pl\/sklep\/produkt\/pakiet-opieki-dietetycznej-1-miesiac\/#breadcrumb"},"inLanguage":"pl-PL","potentialAction":[{"@type":"ReadAction","target":["https:\/\/kreatorniazmian.pl\/sklep\/produkt\/pakiet-opieki-dietetycznej-1-miesiac\/"]}]},{"@type":"ImageObject","inLanguage":"pl-PL","@id":"https:\/\/kreatorniazmian.pl\/sklep\/produkt\/pakiet-opieki-dietetycznej-1-miesiac\/#primaryimage","url":"https:\/\/kreatorniazmian.pl\/sklep\/wp-content\/uploads\/2021\/09\/pakiet-miesie\u0328czny.png","contentUrl":"https:\/\/kreatorniazmian.pl\/sklep\/wp-content\/uploads\/2021\/09\/pakiet-miesie\u0328czny.png","width":1500,"height":1500},{"@type":"BreadcrumbList","@id":"https:\/\/kreatorniazmian.pl\/sklep\/produkt\/pakiet-opieki-dietetycznej-1-miesiac\/#breadcrumb","itemListElement":[{"@type":"ListItem","position":1,"name":"Strona g\u0142\u00f3wna","item":"https:\/\/kreatorniazmian.pl\/sklep\/"},{"@type":"ListItem","position":2,"name":"Sklep","item":"https:\/\/kreatorniazmian.pl\/sklep\/sklep\/"},{"@type":"ListItem","position":3,"name":"Kompleksowy pakiet opieki dietetycznej &#8211; 1 miesi\u0105c"}]},{"@type":"WebSite","@id":"https:\/\/kreatorniazmian.pl\/sklep\/#website","url":"https:\/\/kreatorniazmian.pl\/sklep\/","name":"Kreatornia Zmian","description":"Dietoterapia z czu\u0142o\u015bci\u0105","publisher":{"@id":"https:\/\/kreatorniazmian.pl\/sklep\/#organization"},"potentialAction":[{"@type":"SearchAction","target":{"@type":"EntryPoint","urlTemplate":"https:\/\/kreatorniazmian.pl\/sklep\/?s={search_term_string}"},"query-input":{"@type":"PropertyValueSpecification","valueRequired":true,"valueName":"search_term_string"}}],"inLanguage":"pl-PL"},{"@type":"Organization","@id":"https:\/\/kreatorniazmian.pl\/sklep\/#organization","name":"Kreatornia Zmian Kamila Urbaniak","url":"https:\/\/kreatorniazmian.pl\/sklep\/","logo":{"@type":"ImageObject","inLanguage":"pl-PL","@id":"https:\/\/kreatorniazmian.pl\/sklep\/#\/schema\/logo\/image\/","url":"https:\/\/kreatorniazmian.pl\/sklep\/wp-content\/uploads\/2021\/04\/kreatornia-zmian.png","contentUrl":"https:\/\/kreatorniazmian.pl\/sklep\/wp-content\/uploads\/2021\/04\/kreatornia-zmian.png","width":1244,"height":669,"caption":"Kreatornia Zmian Kamila Urbaniak"},"image":{"@id":"https:\/\/kreatorniazmian.pl\/sklep\/#\/schema\/logo\/image\/"}}]}},"_links":{"self":[{"href":"https:\/\/kreatorniazmian.pl\/sklep\/wp-json\/wp\/v2\/product\/5521","targetHints":{"allow":["GET"]}}],"collection":[{"href":"https:\/\/kreatorniazmian.pl\/sklep\/wp-json\/wp\/v2\/product"}],"about":[{"href":"https:\/\/kreatorniazmian.pl\/sklep\/wp-json\/wp\/v2\/types\/product"}],"replies":[{"embeddable":true,"href":"https:\/\/kreatorniazmian.pl\/sklep\/wp-json\/wp\/v2\/comments?post=5521"}],"version-history":[{"count":0,"href":"https:\/\/kreatorniazmian.pl\/sklep\/wp-json\/wp\/v2\/product\/5521\/revisions"}],"wp:featuredmedia":[{"embeddable":true,"href":"https:\/\/kreatorniazmian.pl\/sklep\/wp-json\/wp\/v2\/media\/1872"}],"wp:attachment":[{"href":"https:\/\/kreatorniazmian.pl\/sklep\/wp-json\/wp\/v2\/media?parent=5521"}],"wp:term":[{"taxonomy":"product_brand","embeddable":true,"href":"https:\/\/kreatorniazmian.pl\/sklep\/wp-json\/wp\/v2\/product_brand?post=5521"},{"taxonomy":"product_cat","embeddable":true,"href":"https:\/\/kreatorniazmian.pl\/sklep\/wp-json\/wp\/v2\/product_cat?post=5521"},{"taxonomy":"product_tag","embeddable":true,"href":"https:\/\/kreatorniazmian.pl\/sklep\/wp-json\/wp\/v2\/product_tag?post=5521"}],"curies":[{"name":"wp","href":"https:\/\/api.w.org\/{rel}","templated":true}]}}