{"id":1921,"date":"2021-09-07T10:47:48","date_gmt":"2021-09-07T08:47:48","guid":{"rendered":"https:\/\/kreatorniazmian.pl\/sklep\/?post_type=product&#038;p=1921"},"modified":"2024-12-05T00:22:56","modified_gmt":"2024-12-04T23:22:56","slug":"pakiet-ebookow-zdrowe-slodkosci-i-pyszne-zupy","status":"publish","type":"product","link":"https:\/\/kreatorniazmian.pl\/sklep\/produkt\/pakiet-ebookow-zdrowe-slodkosci-i-pyszne-zupy\/","title":{"rendered":"Pakiet ebook\u00f3w &#8220;Zdrowe s\u0142odko\u015bci&#8221; i &#8220;Pyszne zupy&#8221;"},"content":{"rendered":"<p><strong>Co zawiera ebook &#8220;Pyszne zupy&#8221; dok\u0142adnie?<\/strong><\/p>\n<ul>\n<li><strong>20 autorskich przepis\u00f3w na r\u00f3\u017cne zupy z autorskimi zdj\u0119ciami + 2 przepisy na pyszne buliony.\u00a0<\/strong>Ka\u017cdy przepis jest opatrzony r\u00f3wnie\u017c autorsk\u0105 fotografi\u0105.<\/li>\n<li><strong>W sumie\u00a0ponad 65 stron A4 w formacie PDF .<\/strong><\/li>\n<li>Informacje o ilo\u015bci<strong>\u00a0kalorii, bia\u0142ka, t\u0142uszcz\u00f3w, w\u0119glowodan\u00f3w, b\u0142onnika i wymiennik\u00f3w w\u0119glowodanowych\u00a0<\/strong>na porcj\u0119.<\/li>\n<li>Informacje o ilo\u015bci\u00a0<strong>wapnia, magnezu, cynku, \u017celaza i wielonienasyconych kwasach t\u0142uszczowych<\/strong>\u00a0w porcji.<\/li>\n<li><strong>Oznaczenia przepis\u00f3w z ikonkami\u00a0<\/strong>np. bez glutenu, bez jaj, bez mleka, wegetaria\u0144skie czy wega\u0144skie<\/li>\n<li><strong>C<\/strong><strong>z\u0119\u015b\u0107 edukacyjn\u0105\u00a0<\/strong>dzi\u0119ki kt\u00f3rej zrozumiesz dlaczego warto jada\u0107 zupy, jak je komponowa\u0107 oraz co zrobi\u0107 by by\u0142y jeszcze smaczniejsze.<\/li>\n<li><strong>Przepisy zawieraj\u0105 wskaz\u00f3wki\u00a0jak modyfikowa\u0107 je na dietach eliminacyjnych<\/strong>\u00a0np. bez nabia\u0142u, jaj czy glutenu.<\/li>\n<\/ul>\n<hr \/>\n<p><strong>Co zawiera ebook &#8220;Zdrowe s\u0142odko\u015bci&#8221;\u00a0dok\u0142adnie?<\/strong><\/p>\n<ul>\n<li><strong>25 autorskich przepis\u00f3w i ponad 70 stron A4 w formacie PDF\u00a0<\/strong><\/li>\n<li>Informacje o ilo\u015bci<strong>\u00a0kalorii, bia\u0142ka, t\u0142uszcz\u00f3w, w\u0119glowodan\u00f3w, b\u0142onnika i wymiennik\u00f3w w\u0119glowodanowych\u00a0<\/strong>na porcj\u0119<\/li>\n<li>Informacje o ilo\u015bci\u00a0<strong>wapnia, magnezu, cynku, \u017celaza i wielonienasyconych kwasach t\u0142uszczowych<\/strong>\u00a0w porcji<\/li>\n<li><strong>Oznaczenia przepis\u00f3w z ikonkami\u00a0<\/strong>np. bez glutenu, bez jaj, bez mleka, wegetaria\u0144skie czy wega\u0144skie<\/li>\n<li><strong>C<\/strong><strong>z\u0119\u015b\u0107 edukacyjn\u0105\u00a0<\/strong>dzi\u0119ki kt\u00f3rej zrozumiesz jak tworzy\u0142am zdrowe s\u0142odko\u015bci i czym uwa\u017cam, \u017ce warto je s\u0142odzi\u0107 w konkretnych okoliczno\u015bciach.<\/li>\n<li><strong>Bibliografi\u0119\u00a0<\/strong>w postaci wyszczeg\u00f3lnionych bada\u0144 naukowych &#8211; aby pokaza\u0107 Ci, \u017ce informacji nie wzi\u0119\u0142am z kosmosu \ud83d\ude42<\/li>\n<li>Przepisy s\u0105 odpowiednie\u00a0<strong>dla os\u00f3b z zaburzeniami gospodarki glukozowo-insulinowej.<\/strong><\/li>\n<li><strong>Wskaz\u00f3wki do przepis\u00f3w jak modyfikowa\u0107 je na dietach eliminacyjnych<\/strong>\u00a0np. bez nabia\u0142u, jaj czy glutenu.<\/li>\n<li>Ka\u017cdy przepis jest\u00a0<strong>opatrzony zdj\u0119ciem i propozycj\u0105 stylizacji\u00a0<\/strong>s\u0142odko\u015bci.<\/li>\n<\/ul>\n","protected":false},"excerpt":{"rendered":"<p class=\"text-justify\">Zestaw dw\u00f3ch ebook\u00f3w w ta\u0144szej wersji? Czemu nie! <strong>Zaoszcz\u0119d\u017a 20% kupuj\u0105c je w zestawie.<\/strong><\/p>\n<p>W sk\u0142ad zestawu wchodz\u0105:<\/p>\n<ul>\n<li><span style=\"font-size: 16px;\"><strong>Ebook &#8220;Pyszne Zupy. Zdrowe przepisy na co dzie\u0144&#8221;<\/strong> to pyszne propozycje, kt\u00f3re opr\u00f3cz mocy rozgrzewania w zimne dni, s\u0105 pe\u0142ne warto\u015bci od\u017cywczych, smaku i aromatu! Idealne dla ka\u017cdej osoby, kt\u00f3ra kocha zupy \ud83d\ude42<\/span><\/li>\n<li><strong>Ebook &#8220;Zdrowe s\u0142odko\u015bci&#8221;<\/strong> to zestaw autorskich przepis\u00f3w na s\u0142odko\u015bci, kt\u00f3re mo\u017cesz wdro\u017cy\u0107 do swojej codzienno\u015bci nawet je\u015bli masz insulinooporno\u015b\u0107 lub inne zaburzenia gospodarki glukozowo-insulinowej.<\/li>\n<\/ul>\n<p>Produkty dost\u0119pne s\u0105 w wersji elektronicznej w postaci PDF.<\/p>\n<p>&nbsp;<\/p>\n","protected":false},"featured_media":1842,"comment_status":"closed","ping_status":"closed","template":"","meta":{"_acf_changed":false,"site-sidebar-layout":"default","site-content-layout":"default","ast-site-content-layout":"default","site-content-style":"default","site-sidebar-style":"default","ast-global-header-display":"","ast-banner-title-visibility":"","ast-main-header-display":"","ast-hfb-above-header-display":"","ast-hfb-below-header-display":"","ast-hfb-mobile-header-display":"","site-post-title":"","ast-breadcrumbs-content":"","ast-featured-img":"","footer-sml-layout":"","ast-disable-related-posts":"","theme-transparent-header-meta":"default","adv-header-id-meta":"","stick-header-meta":"","header-above-stick-meta":"","header-main-stick-meta":"","header-below-stick-meta":"","astra-migrate-meta-layouts":"set","ast-page-background-enabled":"default","ast-page-background-meta":{"desktop":{"background-color":"","background-image":"","background-repeat":"repeat","background-position":"center center","background-size":"auto","background-attachment":"scroll","background-type":"","background-media":"","overlay-type":"","overlay-color":"","overlay-opacity":"","overlay-gradient":""},"tablet":{"background-color":"","background-image":"","background-repeat":"repeat","background-position":"center center","background-size":"auto","background-attachment":"scroll","background-type":"","background-media":"","overlay-type":"","overlay-color":"","overlay-opacity":"","overlay-gradient":""},"mobile":{"background-color":"","background-image":"","background-repeat":"repeat","background-position":"center center","background-size":"auto","background-attachment":"scroll","background-type":"","background-media":"","overlay-type":"","overlay-color":"","overlay-opacity":"","overlay-gradient":""}},"ast-content-background-meta":{"desktop":{"background-color":"var(--ast-global-color-5)","background-image":"","background-repeat":"repeat","background-position":"center center","background-size":"auto","background-attachment":"scroll","background-type":"","background-media":"","overlay-type":"","overlay-color":"","overlay-opacity":"","overlay-gradient":""},"tablet":{"background-color":"var(--ast-global-color-5)","background-image":"","background-repeat":"repeat","background-position":"center center","background-size":"auto","background-attachment":"scroll","background-type":"","background-media":"","overlay-type":"","overlay-color":"","overlay-opacity":"","overlay-gradient":""},"mobile":{"background-color":"var(--ast-global-color-5)","background-image":"","background-repeat":"repeat","background-position":"center center","background-size":"auto","background-attachment":"scroll","background-type":"","background-media":"","overlay-type":"","overlay-color":"","overlay-opacity":"","overlay-gradient":""}}},"product_brand":[],"product_cat":[65,64,63,62,43,47],"product_tag":[],"class_list":{"0":"post-1921","1":"product","2":"type-product","3":"status-publish","4":"has-post-thumbnail","6":"product_cat-dieta-plodnosci","7":"product_cat-dieta-w-innych-chorobach","8":"product_cat-dieta-w-io","9":"product_cat-dieta-z-niskim-ig","10":"product_cat-ebook","11":"product_cat-pakiet","12":"desktop-align-left","13":"tablet-align-left","14":"mobile-align-left","16":"first","17":"instock","18":"downloadable","19":"virtual","20":"taxable","21":"purchasable","22":"product-type-simple"},"acf":[],"yoast_head":"<!-- This site is optimized with the Yoast SEO plugin v27.3 - https:\/\/yoast.com\/product\/yoast-seo-wordpress\/ -->\n<title>Pakiet ebook\u00f3w &quot;Zdrowe s\u0142odko\u015bci&quot; i &quot;Pyszne zupy&quot; - Kreatornia Zmian<\/title>\n<meta name=\"robots\" content=\"index, follow, max-snippet:-1, max-image-preview:large, max-video-preview:-1\" \/>\n<link rel=\"canonical\" href=\"https:\/\/kreatorniazmian.pl\/sklep\/produkt\/pakiet-ebookow-zdrowe-slodkosci-i-pyszne-zupy\/\" \/>\n<meta property=\"og:locale\" content=\"pl_PL\" \/>\n<meta property=\"og:type\" content=\"article\" \/>\n<meta property=\"og:title\" content=\"Pakiet ebook\u00f3w &quot;Zdrowe s\u0142odko\u015bci&quot; i &quot;Pyszne zupy&quot; - Kreatornia Zmian\" \/>\n<meta property=\"og:description\" content=\"Zestaw dw\u00f3ch ebook\u00f3w w ta\u0144szej wersji? Czemu nie! Zaoszcz\u0119d\u017a 20% kupuj\u0105c je w zestawie. W sk\u0142ad zestawu wchodz\u0105:   Ebook &quot;Pyszne Zupy. Zdrowe przepisy na co dzie\u0144&quot; to pyszne propozycje, kt\u00f3re opr\u00f3cz mocy rozgrzewania w zimne dni, s\u0105 pe\u0142ne warto\u015bci od\u017cywczych, smaku i aromatu! Idealne dla ka\u017cdej osoby, kt\u00f3ra kocha zupy :)  Ebook &quot;Zdrowe s\u0142odko\u015bci&quot; to zestaw autorskich przepis\u00f3w na s\u0142odko\u015bci, kt\u00f3re mo\u017cesz wdro\u017cy\u0107 do swojej codzienno\u015bci nawet je\u015bli masz insulinooporno\u015b\u0107 lub inne zaburzenia gospodarki glukozowo-insulinowej.  Produkty dost\u0119pne s\u0105 w wersji elektronicznej w postaci PDF.  &nbsp;\" \/>\n<meta property=\"og:url\" content=\"https:\/\/kreatorniazmian.pl\/sklep\/produkt\/pakiet-ebookow-zdrowe-slodkosci-i-pyszne-zupy\/\" \/>\n<meta property=\"og:site_name\" content=\"Kreatornia Zmian\" \/>\n<meta property=\"article:modified_time\" content=\"2024-12-04T23:22:56+00:00\" \/>\n<meta property=\"og:image\" content=\"https:\/\/kreatorniazmian.pl\/sklep\/wp-content\/uploads\/2021\/09\/PAKIET-zdrowe-slodkos\u0301ci-i-pyszne-zupy.png\" \/>\n\t<meta property=\"og:image:width\" content=\"500\" \/>\n\t<meta property=\"og:image:height\" content=\"500\" \/>\n\t<meta property=\"og:image:type\" content=\"image\/png\" \/>\n<meta name=\"twitter:card\" content=\"summary_large_image\" \/>\n<meta name=\"twitter:label1\" content=\"Szacowany czas czytania\" \/>\n\t<meta name=\"twitter:data1\" content=\"2 minuty\" \/>\n<script type=\"application\/ld+json\" class=\"yoast-schema-graph\">{\"@context\":\"https:\\\/\\\/schema.org\",\"@graph\":[{\"@type\":\"WebPage\",\"@id\":\"https:\\\/\\\/kreatorniazmian.pl\\\/sklep\\\/produkt\\\/pakiet-ebookow-zdrowe-slodkosci-i-pyszne-zupy\\\/\",\"url\":\"https:\\\/\\\/kreatorniazmian.pl\\\/sklep\\\/produkt\\\/pakiet-ebookow-zdrowe-slodkosci-i-pyszne-zupy\\\/\",\"name\":\"Pakiet ebook\u00f3w \\\"Zdrowe s\u0142odko\u015bci\\\" i \\\"Pyszne zupy\\\" - Kreatornia Zmian\",\"isPartOf\":{\"@id\":\"https:\\\/\\\/kreatorniazmian.pl\\\/sklep\\\/#website\"},\"primaryImageOfPage\":{\"@id\":\"https:\\\/\\\/kreatorniazmian.pl\\\/sklep\\\/produkt\\\/pakiet-ebookow-zdrowe-slodkosci-i-pyszne-zupy\\\/#primaryimage\"},\"image\":{\"@id\":\"https:\\\/\\\/kreatorniazmian.pl\\\/sklep\\\/produkt\\\/pakiet-ebookow-zdrowe-slodkosci-i-pyszne-zupy\\\/#primaryimage\"},\"thumbnailUrl\":\"https:\\\/\\\/kreatorniazmian.pl\\\/sklep\\\/wp-content\\\/uploads\\\/2021\\\/09\\\/PAKIET-zdrowe-slodkos\u0301ci-i-pyszne-zupy.png\",\"datePublished\":\"2021-09-07T08:47:48+00:00\",\"dateModified\":\"2024-12-04T23:22:56+00:00\",\"breadcrumb\":{\"@id\":\"https:\\\/\\\/kreatorniazmian.pl\\\/sklep\\\/produkt\\\/pakiet-ebookow-zdrowe-slodkosci-i-pyszne-zupy\\\/#breadcrumb\"},\"inLanguage\":\"pl-PL\",\"potentialAction\":[{\"@type\":\"ReadAction\",\"target\":[\"https:\\\/\\\/kreatorniazmian.pl\\\/sklep\\\/produkt\\\/pakiet-ebookow-zdrowe-slodkosci-i-pyszne-zupy\\\/\"]}]},{\"@type\":\"ImageObject\",\"inLanguage\":\"pl-PL\",\"@id\":\"https:\\\/\\\/kreatorniazmian.pl\\\/sklep\\\/produkt\\\/pakiet-ebookow-zdrowe-slodkosci-i-pyszne-zupy\\\/#primaryimage\",\"url\":\"https:\\\/\\\/kreatorniazmian.pl\\\/sklep\\\/wp-content\\\/uploads\\\/2021\\\/09\\\/PAKIET-zdrowe-slodkos\u0301ci-i-pyszne-zupy.png\",\"contentUrl\":\"https:\\\/\\\/kreatorniazmian.pl\\\/sklep\\\/wp-content\\\/uploads\\\/2021\\\/09\\\/PAKIET-zdrowe-slodkos\u0301ci-i-pyszne-zupy.png\",\"width\":500,\"height\":500},{\"@type\":\"BreadcrumbList\",\"@id\":\"https:\\\/\\\/kreatorniazmian.pl\\\/sklep\\\/produkt\\\/pakiet-ebookow-zdrowe-slodkosci-i-pyszne-zupy\\\/#breadcrumb\",\"itemListElement\":[{\"@type\":\"ListItem\",\"position\":1,\"name\":\"Strona g\u0142\u00f3wna\",\"item\":\"https:\\\/\\\/kreatorniazmian.pl\\\/sklep\\\/\"},{\"@type\":\"ListItem\",\"position\":2,\"name\":\"Sklep\",\"item\":\"https:\\\/\\\/kreatorniazmian.pl\\\/sklep\\\/sklep\\\/\"},{\"@type\":\"ListItem\",\"position\":3,\"name\":\"Pakiet ebook\u00f3w &#8222;Zdrowe s\u0142odko\u015bci&#8221; i &#8222;Pyszne zupy&#8221;\"}]},{\"@type\":\"WebSite\",\"@id\":\"https:\\\/\\\/kreatorniazmian.pl\\\/sklep\\\/#website\",\"url\":\"https:\\\/\\\/kreatorniazmian.pl\\\/sklep\\\/\",\"name\":\"Kreatornia Zmian\",\"description\":\"Dietoterapia z czu\u0142o\u015bci\u0105\",\"publisher\":{\"@id\":\"https:\\\/\\\/kreatorniazmian.pl\\\/sklep\\\/#organization\"},\"potentialAction\":[{\"@type\":\"SearchAction\",\"target\":{\"@type\":\"EntryPoint\",\"urlTemplate\":\"https:\\\/\\\/kreatorniazmian.pl\\\/sklep\\\/?s={search_term_string}\"},\"query-input\":{\"@type\":\"PropertyValueSpecification\",\"valueRequired\":true,\"valueName\":\"search_term_string\"}}],\"inLanguage\":\"pl-PL\"},{\"@type\":\"Organization\",\"@id\":\"https:\\\/\\\/kreatorniazmian.pl\\\/sklep\\\/#organization\",\"name\":\"Kreatornia Zmian Kamila Urbaniak\",\"url\":\"https:\\\/\\\/kreatorniazmian.pl\\\/sklep\\\/\",\"logo\":{\"@type\":\"ImageObject\",\"inLanguage\":\"pl-PL\",\"@id\":\"https:\\\/\\\/kreatorniazmian.pl\\\/sklep\\\/#\\\/schema\\\/logo\\\/image\\\/\",\"url\":\"https:\\\/\\\/kreatorniazmian.pl\\\/sklep\\\/wp-content\\\/uploads\\\/2021\\\/04\\\/kreatornia-zmian.png\",\"contentUrl\":\"https:\\\/\\\/kreatorniazmian.pl\\\/sklep\\\/wp-content\\\/uploads\\\/2021\\\/04\\\/kreatornia-zmian.png\",\"width\":1244,\"height\":669,\"caption\":\"Kreatornia Zmian Kamila Urbaniak\"},\"image\":{\"@id\":\"https:\\\/\\\/kreatorniazmian.pl\\\/sklep\\\/#\\\/schema\\\/logo\\\/image\\\/\"}}]}<\/script>\n<!-- \/ Yoast SEO plugin. -->","yoast_head_json":{"title":"Pakiet ebook\u00f3w \"Zdrowe s\u0142odko\u015bci\" i \"Pyszne zupy\" - Kreatornia Zmian","robots":{"index":"index","follow":"follow","max-snippet":"max-snippet:-1","max-image-preview":"max-image-preview:large","max-video-preview":"max-video-preview:-1"},"canonical":"https:\/\/kreatorniazmian.pl\/sklep\/produkt\/pakiet-ebookow-zdrowe-slodkosci-i-pyszne-zupy\/","og_locale":"pl_PL","og_type":"article","og_title":"Pakiet ebook\u00f3w \"Zdrowe s\u0142odko\u015bci\" i \"Pyszne zupy\" - Kreatornia Zmian","og_description":"Zestaw dw\u00f3ch ebook\u00f3w w ta\u0144szej wersji? Czemu nie! Zaoszcz\u0119d\u017a 20% kupuj\u0105c je w zestawie. W sk\u0142ad zestawu wchodz\u0105:   Ebook \"Pyszne Zupy. Zdrowe przepisy na co dzie\u0144\" to pyszne propozycje, kt\u00f3re opr\u00f3cz mocy rozgrzewania w zimne dni, s\u0105 pe\u0142ne warto\u015bci od\u017cywczych, smaku i aromatu! Idealne dla ka\u017cdej osoby, kt\u00f3ra kocha zupy :)  Ebook \"Zdrowe s\u0142odko\u015bci\" to zestaw autorskich przepis\u00f3w na s\u0142odko\u015bci, kt\u00f3re mo\u017cesz wdro\u017cy\u0107 do swojej codzienno\u015bci nawet je\u015bli masz insulinooporno\u015b\u0107 lub inne zaburzenia gospodarki glukozowo-insulinowej.  Produkty dost\u0119pne s\u0105 w wersji elektronicznej w postaci PDF.  &nbsp;","og_url":"https:\/\/kreatorniazmian.pl\/sklep\/produkt\/pakiet-ebookow-zdrowe-slodkosci-i-pyszne-zupy\/","og_site_name":"Kreatornia Zmian","article_modified_time":"2024-12-04T23:22:56+00:00","og_image":[{"width":500,"height":500,"url":"https:\/\/kreatorniazmian.pl\/sklep\/wp-content\/uploads\/2021\/09\/PAKIET-zdrowe-slodkos\u0301ci-i-pyszne-zupy.png","type":"image\/png"}],"twitter_card":"summary_large_image","twitter_misc":{"Szacowany czas czytania":"2 minuty"},"schema":{"@context":"https:\/\/schema.org","@graph":[{"@type":"WebPage","@id":"https:\/\/kreatorniazmian.pl\/sklep\/produkt\/pakiet-ebookow-zdrowe-slodkosci-i-pyszne-zupy\/","url":"https:\/\/kreatorniazmian.pl\/sklep\/produkt\/pakiet-ebookow-zdrowe-slodkosci-i-pyszne-zupy\/","name":"Pakiet ebook\u00f3w \"Zdrowe s\u0142odko\u015bci\" i \"Pyszne zupy\" - Kreatornia Zmian","isPartOf":{"@id":"https:\/\/kreatorniazmian.pl\/sklep\/#website"},"primaryImageOfPage":{"@id":"https:\/\/kreatorniazmian.pl\/sklep\/produkt\/pakiet-ebookow-zdrowe-slodkosci-i-pyszne-zupy\/#primaryimage"},"image":{"@id":"https:\/\/kreatorniazmian.pl\/sklep\/produkt\/pakiet-ebookow-zdrowe-slodkosci-i-pyszne-zupy\/#primaryimage"},"thumbnailUrl":"https:\/\/kreatorniazmian.pl\/sklep\/wp-content\/uploads\/2021\/09\/PAKIET-zdrowe-slodkos\u0301ci-i-pyszne-zupy.png","datePublished":"2021-09-07T08:47:48+00:00","dateModified":"2024-12-04T23:22:56+00:00","breadcrumb":{"@id":"https:\/\/kreatorniazmian.pl\/sklep\/produkt\/pakiet-ebookow-zdrowe-slodkosci-i-pyszne-zupy\/#breadcrumb"},"inLanguage":"pl-PL","potentialAction":[{"@type":"ReadAction","target":["https:\/\/kreatorniazmian.pl\/sklep\/produkt\/pakiet-ebookow-zdrowe-slodkosci-i-pyszne-zupy\/"]}]},{"@type":"ImageObject","inLanguage":"pl-PL","@id":"https:\/\/kreatorniazmian.pl\/sklep\/produkt\/pakiet-ebookow-zdrowe-slodkosci-i-pyszne-zupy\/#primaryimage","url":"https:\/\/kreatorniazmian.pl\/sklep\/wp-content\/uploads\/2021\/09\/PAKIET-zdrowe-slodkos\u0301ci-i-pyszne-zupy.png","contentUrl":"https:\/\/kreatorniazmian.pl\/sklep\/wp-content\/uploads\/2021\/09\/PAKIET-zdrowe-slodkos\u0301ci-i-pyszne-zupy.png","width":500,"height":500},{"@type":"BreadcrumbList","@id":"https:\/\/kreatorniazmian.pl\/sklep\/produkt\/pakiet-ebookow-zdrowe-slodkosci-i-pyszne-zupy\/#breadcrumb","itemListElement":[{"@type":"ListItem","position":1,"name":"Strona g\u0142\u00f3wna","item":"https:\/\/kreatorniazmian.pl\/sklep\/"},{"@type":"ListItem","position":2,"name":"Sklep","item":"https:\/\/kreatorniazmian.pl\/sklep\/sklep\/"},{"@type":"ListItem","position":3,"name":"Pakiet ebook\u00f3w &#8222;Zdrowe s\u0142odko\u015bci&#8221; i &#8222;Pyszne zupy&#8221;"}]},{"@type":"WebSite","@id":"https:\/\/kreatorniazmian.pl\/sklep\/#website","url":"https:\/\/kreatorniazmian.pl\/sklep\/","name":"Kreatornia Zmian","description":"Dietoterapia z czu\u0142o\u015bci\u0105","publisher":{"@id":"https:\/\/kreatorniazmian.pl\/sklep\/#organization"},"potentialAction":[{"@type":"SearchAction","target":{"@type":"EntryPoint","urlTemplate":"https:\/\/kreatorniazmian.pl\/sklep\/?s={search_term_string}"},"query-input":{"@type":"PropertyValueSpecification","valueRequired":true,"valueName":"search_term_string"}}],"inLanguage":"pl-PL"},{"@type":"Organization","@id":"https:\/\/kreatorniazmian.pl\/sklep\/#organization","name":"Kreatornia Zmian Kamila Urbaniak","url":"https:\/\/kreatorniazmian.pl\/sklep\/","logo":{"@type":"ImageObject","inLanguage":"pl-PL","@id":"https:\/\/kreatorniazmian.pl\/sklep\/#\/schema\/logo\/image\/","url":"https:\/\/kreatorniazmian.pl\/sklep\/wp-content\/uploads\/2021\/04\/kreatornia-zmian.png","contentUrl":"https:\/\/kreatorniazmian.pl\/sklep\/wp-content\/uploads\/2021\/04\/kreatornia-zmian.png","width":1244,"height":669,"caption":"Kreatornia Zmian Kamila Urbaniak"},"image":{"@id":"https:\/\/kreatorniazmian.pl\/sklep\/#\/schema\/logo\/image\/"}}]}},"_links":{"self":[{"href":"https:\/\/kreatorniazmian.pl\/sklep\/wp-json\/wp\/v2\/product\/1921","targetHints":{"allow":["GET"]}}],"collection":[{"href":"https:\/\/kreatorniazmian.pl\/sklep\/wp-json\/wp\/v2\/product"}],"about":[{"href":"https:\/\/kreatorniazmian.pl\/sklep\/wp-json\/wp\/v2\/types\/product"}],"replies":[{"embeddable":true,"href":"https:\/\/kreatorniazmian.pl\/sklep\/wp-json\/wp\/v2\/comments?post=1921"}],"version-history":[{"count":0,"href":"https:\/\/kreatorniazmian.pl\/sklep\/wp-json\/wp\/v2\/product\/1921\/revisions"}],"wp:featuredmedia":[{"embeddable":true,"href":"https:\/\/kreatorniazmian.pl\/sklep\/wp-json\/wp\/v2\/media\/1842"}],"wp:attachment":[{"href":"https:\/\/kreatorniazmian.pl\/sklep\/wp-json\/wp\/v2\/media?parent=1921"}],"wp:term":[{"taxonomy":"product_brand","embeddable":true,"href":"https:\/\/kreatorniazmian.pl\/sklep\/wp-json\/wp\/v2\/product_brand?post=1921"},{"taxonomy":"product_cat","embeddable":true,"href":"https:\/\/kreatorniazmian.pl\/sklep\/wp-json\/wp\/v2\/product_cat?post=1921"},{"taxonomy":"product_tag","embeddable":true,"href":"https:\/\/kreatorniazmian.pl\/sklep\/wp-json\/wp\/v2\/product_tag?post=1921"}],"curies":[{"name":"wp","href":"https:\/\/api.w.org\/{rel}","templated":true}]}}