{"id":5608,"date":"2024-11-18T10:25:33","date_gmt":"2024-11-18T09:25:33","guid":{"rendered":"https:\/\/kreatorniazmian.pl\/sklep\/?page_id=5608"},"modified":"2025-04-12T10:25:52","modified_gmt":"2025-04-12T08:25:52","slug":"szkolenia","status":"publish","type":"page","link":"https:\/\/kreatorniazmian.pl\/sklep\/szkolenia\/","title":{"rendered":"Szkolenia"},"content":{"rendered":"\t\t<div data-elementor-type=\"wp-page\" data-elementor-id=\"5608\" class=\"elementor elementor-5608\" data-elementor-post-type=\"page\">\n\t\t\t\t\t\t<section class=\"elementor-section elementor-top-section elementor-element elementor-element-35fc642 elementor-section-boxed elementor-section-height-default elementor-section-height-default\" data-id=\"35fc642\" data-element_type=\"section\" data-e-type=\"section\">\n\t\t\t\t\t\t<div class=\"elementor-container elementor-column-gap-default\">\n\t\t\t\t\t<div class=\"elementor-column elementor-col-100 elementor-top-column elementor-element elementor-element-569282f\" data-id=\"569282f\" data-element_type=\"column\" data-e-type=\"column\">\n\t\t\t<div class=\"elementor-widget-wrap elementor-element-populated\">\n\t\t\t\t\t\t<div class=\"elementor-element elementor-element-e39a6f0 elementor-widget elementor-widget-image\" data-id=\"e39a6f0\" data-element_type=\"widget\" data-e-type=\"widget\" data-widget_type=\"image.default\">\n\t\t\t\t<div class=\"elementor-widget-container\">\n\t\t\t\t\t\t\t\t\t\t\t\t\t\t\t\t<a href=\"https:\/\/kreatorniazmian.pl\/sklep\/produkt\/subskrypcja-aplikacji-mobilnej-alloweat\/\">\n\t\t\t\t\t\t\t<img fetchpriority=\"high\" decoding=\"async\" width=\"1024\" height=\"577\" src=\"https:\/\/kreatorniazmian.pl\/sklep\/wp-content\/uploads\/2024\/01\/Baner-Alloweat_sklep-1024x577.png\" class=\"attachment-large size-large wp-image-3046\" alt=\"\" srcset=\"https:\/\/kreatorniazmian.pl\/sklep\/wp-content\/uploads\/2024\/01\/Baner-Alloweat_sklep-1024x577.png 1024w, https:\/\/kreatorniazmian.pl\/sklep\/wp-content\/uploads\/2024\/01\/Baner-Alloweat_sklep-300x169.png 300w, https:\/\/kreatorniazmian.pl\/sklep\/wp-content\/uploads\/2024\/01\/Baner-Alloweat_sklep-768x433.png 768w, https:\/\/kreatorniazmian.pl\/sklep\/wp-content\/uploads\/2024\/01\/Baner-Alloweat_sklep-1536x865.png 1536w, https:\/\/kreatorniazmian.pl\/sklep\/wp-content\/uploads\/2024\/01\/Baner-Alloweat_sklep-400x225.png 400w, https:\/\/kreatorniazmian.pl\/sklep\/wp-content\/uploads\/2024\/01\/Baner-Alloweat_sklep.png 1640w\" sizes=\"(max-width: 1024px) 100vw, 1024px\" \/>\t\t\t\t\t\t\t\t<\/a>\n\t\t\t\t\t\t\t\t\t\t\t\t\t\t\t<\/div>\n\t\t\t\t<\/div>\n\t\t\t\t<div class=\"elementor-element elementor-element-26a5732 elementor-widget elementor-widget-spacer\" data-id=\"26a5732\" data-element_type=\"widget\" data-e-type=\"widget\" data-widget_type=\"spacer.default\">\n\t\t\t\t<div class=\"elementor-widget-container\">\n\t\t\t\t\t\t\t<div class=\"elementor-spacer\">\n\t\t\t<div class=\"elementor-spacer-inner\"><\/div>\n\t\t<\/div>\n\t\t\t\t\t\t<\/div>\n\t\t\t\t<\/div>\n\t\t\t\t<div class=\"elementor-element elementor-element-b19780e elementor-widget elementor-widget-heading\" data-id=\"b19780e\" data-element_type=\"widget\" data-e-type=\"widget\" data-widget_type=\"heading.default\">\n\t\t\t\t<div class=\"elementor-widget-container\">\n\t\t\t\t\t<h2 class=\"elementor-heading-title elementor-size-default\"><span class=\"underline-background\">Szkolenia<\/span><\/h2>\t\t\t\t<\/div>\n\t\t\t\t<\/div>\n\t\t\t\t<div class=\"elementor-element elementor-element-db0a2c9 elementor-widget elementor-widget-text-editor\" data-id=\"db0a2c9\" data-element_type=\"widget\" data-e-type=\"widget\" data-widget_type=\"text-editor.default\">\n\t\t\t\t<div class=\"elementor-widget-container\">\n\t\t\t\t\t\t\t\t\t<p style=\"text-align: center;\">Tutaj znajdziesz szkolenia dietetyczne oraz pakiety szkole\u0144 z jad\u0142ospisami lub konsultacjami indywidualnymi.&nbsp;<\/p>\t\t\t\t\t\t\t\t<\/div>\n\t\t\t\t<\/div>\n\t\t\t\t<div class=\"elementor-element elementor-element-5f0d746 elementor-widget elementor-widget-spacer\" data-id=\"5f0d746\" data-element_type=\"widget\" data-e-type=\"widget\" data-widget_type=\"spacer.default\">\n\t\t\t\t<div class=\"elementor-widget-container\">\n\t\t\t\t\t\t\t<div class=\"elementor-spacer\">\n\t\t\t<div class=\"elementor-spacer-inner\"><\/div>\n\t\t<\/div>\n\t\t\t\t\t\t<\/div>\n\t\t\t\t<\/div>\n\t\t\t\t\t<\/div>\n\t\t<\/div>\n\t\t\t\t\t<\/div>\n\t\t<\/section>\n\t\t\t\t<section class=\"elementor-section elementor-top-section elementor-element elementor-element-fc3e726 elementor-section-boxed elementor-section-height-default elementor-section-height-default\" data-id=\"fc3e726\" data-element_type=\"section\" data-e-type=\"section\">\n\t\t\t\t\t\t<div class=\"elementor-container elementor-column-gap-default\">\n\t\t\t\t\t<div class=\"elementor-column elementor-col-100 elementor-top-column elementor-element elementor-element-62eb561\" data-id=\"62eb561\" data-element_type=\"column\" data-e-type=\"column\">\n\t\t\t<div class=\"elementor-widget-wrap elementor-element-populated\">\n\t\t\t\t\t\t<div class=\"elementor-element elementor-element-bbc8304 elementor-grid-tablet-2 elementor-grid-mobile-1 elementor-product-loop-item--align-center elementor-grid-4 elementor-products-grid elementor-wc-products elementor-widget elementor-widget-woocommerce-products\" data-id=\"bbc8304\" data-element_type=\"widget\" data-e-type=\"widget\" data-widget_type=\"woocommerce-products.default\">\n\t\t\t\t<div class=\"elementor-widget-container\">\n\t\t\t\t\t<div class=\"woocommerce columns-4 \"><ul class=\"products elementor-grid columns-4\">\n<li class=\"desktop-align-left tablet-align-left mobile-align-left product type-product post-4663 status-publish first instock product_cat-pakiet product_cat-szkolenia has-post-thumbnail taxable shipping-taxable purchasable product-type-variable\">\n\t<a href=\"https:\/\/kreatorniazmian.pl\/sklep\/produkt\/waga-hormony-i-psychika-w-rownowadze-szkolenie-z-jadlospisem\/\" class=\"woocommerce-LoopProduct-link woocommerce-loop-product__link\"><img decoding=\"async\" width=\"400\" height=\"400\" src=\"https:\/\/kreatorniazmian.pl\/sklep\/wp-content\/uploads\/2024\/10\/pakiet-1-400x400.png\" class=\"attachment-woocommerce_thumbnail size-woocommerce_thumbnail\" alt=\"Waga, hormony i psychika w r\u00f3wnowadze. Szkolenie z jad\u0142ospisem\" srcset=\"https:\/\/kreatorniazmian.pl\/sklep\/wp-content\/uploads\/2024\/10\/pakiet-1-400x400.png 400w, https:\/\/kreatorniazmian.pl\/sklep\/wp-content\/uploads\/2024\/10\/pakiet-1-300x300.png 300w, https:\/\/kreatorniazmian.pl\/sklep\/wp-content\/uploads\/2024\/10\/pakiet-1-1024x1024.png 1024w, https:\/\/kreatorniazmian.pl\/sklep\/wp-content\/uploads\/2024\/10\/pakiet-1-150x150.png 150w, https:\/\/kreatorniazmian.pl\/sklep\/wp-content\/uploads\/2024\/10\/pakiet-1-768x768.png 768w, https:\/\/kreatorniazmian.pl\/sklep\/wp-content\/uploads\/2024\/10\/pakiet-1-1536x1536.png 1536w, https:\/\/kreatorniazmian.pl\/sklep\/wp-content\/uploads\/2024\/10\/pakiet-1-100x100.png 100w, https:\/\/kreatorniazmian.pl\/sklep\/wp-content\/uploads\/2024\/10\/pakiet-1.png 2000w\" sizes=\"(max-width: 400px) 100vw, 400px\" \/><h2 class=\"woocommerce-loop-product__title\">Waga, hormony i psychika w r\u00f3wnowadze. Szkolenie z jad\u0142ospisem<\/h2>\n\t<span class=\"price\"><span class=\"woocommerce-Price-amount amount\"><bdi>349.00<span class=\"woocommerce-Price-currencySymbol\">&#122;&#322;<\/span><\/bdi><\/span><\/span>\n<\/a><a href=\"https:\/\/kreatorniazmian.pl\/sklep\/produkt\/waga-hormony-i-psychika-w-rownowadze-szkolenie-z-jadlospisem\/\" aria-describedby=\"woocommerce_loop_add_to_cart_link_describedby_4663\" data-quantity=\"1\" class=\"button product_type_variable add_to_cart_button\" data-product_id=\"4663\" data-product_sku=\"\" aria-label=\"Wybierz opcje dla &bdquo;Waga, hormony i psychika w r\u00f3wnowadze. Szkolenie z jad\u0142ospisem&rdquo;\" rel=\"nofollow\">Wybierz opcje<\/a>\t<span id=\"woocommerce_loop_add_to_cart_link_describedby_4663\" class=\"screen-reader-text\">\n\t\tTen produkt ma wiele wariant\u00f3w. Opcje mo\u017cna wybra\u0107 na stronie produktu\t<\/span>\n<\/li>\n<li class=\"desktop-align-left tablet-align-left mobile-align-left product type-product post-4678 status-publish instock product_cat-pakiet product_cat-szkolenia has-post-thumbnail taxable shipping-taxable purchasable product-type-variable\">\n\t<a href=\"https:\/\/kreatorniazmian.pl\/sklep\/produkt\/waga-hormony-i-psychika-w-rownowadze-szkolenie-z-jadlospisem-i-aplikacja\/\" class=\"woocommerce-LoopProduct-link woocommerce-loop-product__link\"><img decoding=\"async\" width=\"400\" height=\"400\" src=\"https:\/\/kreatorniazmian.pl\/sklep\/wp-content\/uploads\/2024\/10\/pakiet-2-400x400.png\" class=\"attachment-woocommerce_thumbnail size-woocommerce_thumbnail\" alt=\"Waga, hormony i psychika w r\u00f3wnowadze. Szkolenie z jad\u0142ospisem i aplikacj\u0105 Alloweat na 3-miesi\u0105ce\" srcset=\"https:\/\/kreatorniazmian.pl\/sklep\/wp-content\/uploads\/2024\/10\/pakiet-2-400x400.png 400w, https:\/\/kreatorniazmian.pl\/sklep\/wp-content\/uploads\/2024\/10\/pakiet-2-300x300.png 300w, https:\/\/kreatorniazmian.pl\/sklep\/wp-content\/uploads\/2024\/10\/pakiet-2-1024x1024.png 1024w, https:\/\/kreatorniazmian.pl\/sklep\/wp-content\/uploads\/2024\/10\/pakiet-2-150x150.png 150w, https:\/\/kreatorniazmian.pl\/sklep\/wp-content\/uploads\/2024\/10\/pakiet-2-768x768.png 768w, https:\/\/kreatorniazmian.pl\/sklep\/wp-content\/uploads\/2024\/10\/pakiet-2-1536x1536.png 1536w, https:\/\/kreatorniazmian.pl\/sklep\/wp-content\/uploads\/2024\/10\/pakiet-2-100x100.png 100w, https:\/\/kreatorniazmian.pl\/sklep\/wp-content\/uploads\/2024\/10\/pakiet-2.png 2000w\" sizes=\"(max-width: 400px) 100vw, 400px\" \/><h2 class=\"woocommerce-loop-product__title\">Waga, hormony i psychika w r\u00f3wnowadze. Szkolenie z jad\u0142ospisem i aplikacj\u0105 Alloweat na 3-miesi\u0105ce<\/h2>\n\t<span class=\"price\"><span class=\"woocommerce-Price-amount amount\"><bdi>379.00<span class=\"woocommerce-Price-currencySymbol\">&#122;&#322;<\/span><\/bdi><\/span><\/span>\n<\/a><a href=\"https:\/\/kreatorniazmian.pl\/sklep\/produkt\/waga-hormony-i-psychika-w-rownowadze-szkolenie-z-jadlospisem-i-aplikacja\/\" aria-describedby=\"woocommerce_loop_add_to_cart_link_describedby_4678\" data-quantity=\"1\" class=\"button product_type_variable add_to_cart_button\" data-product_id=\"4678\" data-product_sku=\"\" aria-label=\"Wybierz opcje dla &bdquo;Waga, hormony i psychika w r\u00f3wnowadze. Szkolenie z jad\u0142ospisem i aplikacj\u0105 Alloweat na 3-miesi\u0105ce&rdquo;\" rel=\"nofollow\">Wybierz opcje<\/a>\t<span id=\"woocommerce_loop_add_to_cart_link_describedby_4678\" class=\"screen-reader-text\">\n\t\tTen produkt ma wiele wariant\u00f3w. Opcje mo\u017cna wybra\u0107 na stronie produktu\t<\/span>\n<\/li>\n<\/ul>\n<\/div>\t\t\t\t<\/div>\n\t\t\t\t<\/div>\n\t\t\t\t\t<\/div>\n\t\t<\/div>\n\t\t\t\t\t<\/div>\n\t\t<\/section>\n\t\t\t\t<\/div>\n\t\t","protected":false},"excerpt":{"rendered":"<p>Szkolenia Tutaj znajdziesz szkolenia dietetyczne oraz pakiety szkole\u0144 z jad\u0142ospisami lub konsultacjami indywidualnymi.&nbsp;<\/p>\n","protected":false},"author":1,"featured_media":0,"parent":0,"menu_order":0,"comment_status":"closed","ping_status":"closed","template":"elementor_header_footer","meta":{"_acf_changed":false,"site-sidebar-layout":"no-sidebar","site-content-layout":"page-builder","ast-site-content-layout":"full-width-container","site-content-style":"default","site-sidebar-style":"default","ast-global-header-display":"","ast-banner-title-visibility":"","ast-main-header-display":"","ast-hfb-above-header-display":"","ast-hfb-below-header-display":"","ast-hfb-mobile-header-display":"","site-post-title":"disabled","ast-breadcrumbs-content":"","ast-featured-img":"disabled","footer-sml-layout":"","ast-disable-related-posts":"","theme-transparent-header-meta":"","adv-header-id-meta":"","stick-header-meta":"","header-above-stick-meta":"","header-main-stick-meta":"","header-below-stick-meta":"","astra-migrate-meta-layouts":"set","ast-page-background-enabled":"default","ast-page-background-meta":{"desktop":{"background-color":"","background-image":"","background-repeat":"repeat","background-position":"center center","background-size":"auto","background-attachment":"scroll","background-type":"","background-media":"","overlay-type":"","overlay-color":"","overlay-opacity":"","overlay-gradient":""},"tablet":{"background-color":"","background-image":"","background-repeat":"repeat","background-position":"center center","background-size":"auto","background-attachment":"scroll","background-type":"","background-media":"","overlay-type":"","overlay-color":"","overlay-opacity":"","overlay-gradient":""},"mobile":{"background-color":"","background-image":"","background-repeat":"repeat","background-position":"center center","background-size":"auto","background-attachment":"scroll","background-type":"","background-media":"","overlay-type":"","overlay-color":"","overlay-opacity":"","overlay-gradient":""}},"ast-content-background-meta":{"desktop":{"background-color":"var(--ast-global-color-5)","background-image":"","background-repeat":"repeat","background-position":"center center","background-size":"auto","background-attachment":"scroll","background-type":"","background-media":"","overlay-type":"","overlay-color":"","overlay-opacity":"","overlay-gradient":""},"tablet":{"background-color":"var(--ast-global-color-5)","background-image":"","background-repeat":"repeat","background-position":"center center","background-size":"auto","background-attachment":"scroll","background-type":"","background-media":"","overlay-type":"","overlay-color":"","overlay-opacity":"","overlay-gradient":""},"mobile":{"background-color":"var(--ast-global-color-5)","background-image":"","background-repeat":"repeat","background-position":"center center","background-size":"auto","background-attachment":"scroll","background-type":"","background-media":"","overlay-type":"","overlay-color":"","overlay-opacity":"","overlay-gradient":""}},"footnotes":""},"class_list":["post-5608","page","type-page","status-publish","hentry"],"acf":[],"yoast_head":"<!-- This site is optimized with the Yoast SEO plugin v27.3 - https:\/\/yoast.com\/product\/yoast-seo-wordpress\/ -->\n<title>Szkolenia - Kreatornia Zmian<\/title>\n<meta name=\"robots\" content=\"index, follow, max-snippet:-1, max-image-preview:large, max-video-preview:-1\" \/>\n<link rel=\"canonical\" href=\"https:\/\/kreatorniazmian.pl\/sklep\/szkolenia\/\" \/>\n<meta property=\"og:locale\" content=\"pl_PL\" \/>\n<meta property=\"og:type\" content=\"article\" \/>\n<meta property=\"og:title\" content=\"Szkolenia - Kreatornia Zmian\" \/>\n<meta property=\"og:description\" content=\"Szkolenia Tutaj znajdziesz szkolenia dietetyczne oraz pakiety szkole\u0144 z jad\u0142ospisami lub konsultacjami indywidualnymi.&nbsp;\" \/>\n<meta property=\"og:url\" content=\"https:\/\/kreatorniazmian.pl\/sklep\/szkolenia\/\" \/>\n<meta property=\"og:site_name\" content=\"Kreatornia Zmian\" \/>\n<meta property=\"article:modified_time\" content=\"2025-04-12T08:25:52+00:00\" \/>\n<meta property=\"og:image\" content=\"https:\/\/kreatorniazmian.pl\/sklep\/wp-content\/uploads\/2024\/01\/Baner-Alloweat_sklep-1024x577.png\" \/>\n<meta name=\"twitter:card\" content=\"summary_large_image\" \/>\n<meta name=\"twitter:label1\" content=\"Szacowany czas czytania\" \/>\n\t<meta name=\"twitter:data1\" content=\"1 minuta\" \/>\n<script type=\"application\/ld+json\" class=\"yoast-schema-graph\">{\"@context\":\"https:\\\/\\\/schema.org\",\"@graph\":[{\"@type\":\"WebPage\",\"@id\":\"https:\\\/\\\/kreatorniazmian.pl\\\/sklep\\\/szkolenia\\\/\",\"url\":\"https:\\\/\\\/kreatorniazmian.pl\\\/sklep\\\/szkolenia\\\/\",\"name\":\"Szkolenia - Kreatornia Zmian\",\"isPartOf\":{\"@id\":\"https:\\\/\\\/kreatorniazmian.pl\\\/sklep\\\/#website\"},\"primaryImageOfPage\":{\"@id\":\"https:\\\/\\\/kreatorniazmian.pl\\\/sklep\\\/szkolenia\\\/#primaryimage\"},\"image\":{\"@id\":\"https:\\\/\\\/kreatorniazmian.pl\\\/sklep\\\/szkolenia\\\/#primaryimage\"},\"thumbnailUrl\":\"https:\\\/\\\/kreatorniazmian.pl\\\/sklep\\\/wp-content\\\/uploads\\\/2024\\\/01\\\/Baner-Alloweat_sklep-1024x577.png\",\"datePublished\":\"2024-11-18T09:25:33+00:00\",\"dateModified\":\"2025-04-12T08:25:52+00:00\",\"breadcrumb\":{\"@id\":\"https:\\\/\\\/kreatorniazmian.pl\\\/sklep\\\/szkolenia\\\/#breadcrumb\"},\"inLanguage\":\"pl-PL\",\"potentialAction\":[{\"@type\":\"ReadAction\",\"target\":[\"https:\\\/\\\/kreatorniazmian.pl\\\/sklep\\\/szkolenia\\\/\"]}]},{\"@type\":\"ImageObject\",\"inLanguage\":\"pl-PL\",\"@id\":\"https:\\\/\\\/kreatorniazmian.pl\\\/sklep\\\/szkolenia\\\/#primaryimage\",\"url\":\"https:\\\/\\\/kreatorniazmian.pl\\\/sklep\\\/wp-content\\\/uploads\\\/2024\\\/01\\\/Baner-Alloweat_sklep.png\",\"contentUrl\":\"https:\\\/\\\/kreatorniazmian.pl\\\/sklep\\\/wp-content\\\/uploads\\\/2024\\\/01\\\/Baner-Alloweat_sklep.png\",\"width\":1640,\"height\":924},{\"@type\":\"BreadcrumbList\",\"@id\":\"https:\\\/\\\/kreatorniazmian.pl\\\/sklep\\\/szkolenia\\\/#breadcrumb\",\"itemListElement\":[{\"@type\":\"ListItem\",\"position\":1,\"name\":\"Strona g\u0142\u00f3wna\",\"item\":\"https:\\\/\\\/kreatorniazmian.pl\\\/sklep\\\/\"},{\"@type\":\"ListItem\",\"position\":2,\"name\":\"Szkolenia\"}]},{\"@type\":\"WebSite\",\"@id\":\"https:\\\/\\\/kreatorniazmian.pl\\\/sklep\\\/#website\",\"url\":\"https:\\\/\\\/kreatorniazmian.pl\\\/sklep\\\/\",\"name\":\"Kreatornia Zmian\",\"description\":\"Dietoterapia z czu\u0142o\u015bci\u0105\",\"publisher\":{\"@id\":\"https:\\\/\\\/kreatorniazmian.pl\\\/sklep\\\/#organization\"},\"potentialAction\":[{\"@type\":\"SearchAction\",\"target\":{\"@type\":\"EntryPoint\",\"urlTemplate\":\"https:\\\/\\\/kreatorniazmian.pl\\\/sklep\\\/?s={search_term_string}\"},\"query-input\":{\"@type\":\"PropertyValueSpecification\",\"valueRequired\":true,\"valueName\":\"search_term_string\"}}],\"inLanguage\":\"pl-PL\"},{\"@type\":\"Organization\",\"@id\":\"https:\\\/\\\/kreatorniazmian.pl\\\/sklep\\\/#organization\",\"name\":\"Kreatornia Zmian Kamila Urbaniak\",\"url\":\"https:\\\/\\\/kreatorniazmian.pl\\\/sklep\\\/\",\"logo\":{\"@type\":\"ImageObject\",\"inLanguage\":\"pl-PL\",\"@id\":\"https:\\\/\\\/kreatorniazmian.pl\\\/sklep\\\/#\\\/schema\\\/logo\\\/image\\\/\",\"url\":\"https:\\\/\\\/kreatorniazmian.pl\\\/sklep\\\/wp-content\\\/uploads\\\/2021\\\/04\\\/kreatornia-zmian.png\",\"contentUrl\":\"https:\\\/\\\/kreatorniazmian.pl\\\/sklep\\\/wp-content\\\/uploads\\\/2021\\\/04\\\/kreatornia-zmian.png\",\"width\":1244,\"height\":669,\"caption\":\"Kreatornia Zmian Kamila Urbaniak\"},\"image\":{\"@id\":\"https:\\\/\\\/kreatorniazmian.pl\\\/sklep\\\/#\\\/schema\\\/logo\\\/image\\\/\"}}]}<\/script>\n<!-- \/ Yoast SEO plugin. -->","yoast_head_json":{"title":"Szkolenia - Kreatornia Zmian","robots":{"index":"index","follow":"follow","max-snippet":"max-snippet:-1","max-image-preview":"max-image-preview:large","max-video-preview":"max-video-preview:-1"},"canonical":"https:\/\/kreatorniazmian.pl\/sklep\/szkolenia\/","og_locale":"pl_PL","og_type":"article","og_title":"Szkolenia - Kreatornia Zmian","og_description":"Szkolenia Tutaj znajdziesz szkolenia dietetyczne oraz pakiety szkole\u0144 z jad\u0142ospisami lub konsultacjami indywidualnymi.&nbsp;","og_url":"https:\/\/kreatorniazmian.pl\/sklep\/szkolenia\/","og_site_name":"Kreatornia Zmian","article_modified_time":"2025-04-12T08:25:52+00:00","og_image":[{"url":"https:\/\/kreatorniazmian.pl\/sklep\/wp-content\/uploads\/2024\/01\/Baner-Alloweat_sklep-1024x577.png","type":"","width":"","height":""}],"twitter_card":"summary_large_image","twitter_misc":{"Szacowany czas czytania":"1 minuta"},"schema":{"@context":"https:\/\/schema.org","@graph":[{"@type":"WebPage","@id":"https:\/\/kreatorniazmian.pl\/sklep\/szkolenia\/","url":"https:\/\/kreatorniazmian.pl\/sklep\/szkolenia\/","name":"Szkolenia - Kreatornia Zmian","isPartOf":{"@id":"https:\/\/kreatorniazmian.pl\/sklep\/#website"},"primaryImageOfPage":{"@id":"https:\/\/kreatorniazmian.pl\/sklep\/szkolenia\/#primaryimage"},"image":{"@id":"https:\/\/kreatorniazmian.pl\/sklep\/szkolenia\/#primaryimage"},"thumbnailUrl":"https:\/\/kreatorniazmian.pl\/sklep\/wp-content\/uploads\/2024\/01\/Baner-Alloweat_sklep-1024x577.png","datePublished":"2024-11-18T09:25:33+00:00","dateModified":"2025-04-12T08:25:52+00:00","breadcrumb":{"@id":"https:\/\/kreatorniazmian.pl\/sklep\/szkolenia\/#breadcrumb"},"inLanguage":"pl-PL","potentialAction":[{"@type":"ReadAction","target":["https:\/\/kreatorniazmian.pl\/sklep\/szkolenia\/"]}]},{"@type":"ImageObject","inLanguage":"pl-PL","@id":"https:\/\/kreatorniazmian.pl\/sklep\/szkolenia\/#primaryimage","url":"https:\/\/kreatorniazmian.pl\/sklep\/wp-content\/uploads\/2024\/01\/Baner-Alloweat_sklep.png","contentUrl":"https:\/\/kreatorniazmian.pl\/sklep\/wp-content\/uploads\/2024\/01\/Baner-Alloweat_sklep.png","width":1640,"height":924},{"@type":"BreadcrumbList","@id":"https:\/\/kreatorniazmian.pl\/sklep\/szkolenia\/#breadcrumb","itemListElement":[{"@type":"ListItem","position":1,"name":"Strona g\u0142\u00f3wna","item":"https:\/\/kreatorniazmian.pl\/sklep\/"},{"@type":"ListItem","position":2,"name":"Szkolenia"}]},{"@type":"WebSite","@id":"https:\/\/kreatorniazmian.pl\/sklep\/#website","url":"https:\/\/kreatorniazmian.pl\/sklep\/","name":"Kreatornia Zmian","description":"Dietoterapia z czu\u0142o\u015bci\u0105","publisher":{"@id":"https:\/\/kreatorniazmian.pl\/sklep\/#organization"},"potentialAction":[{"@type":"SearchAction","target":{"@type":"EntryPoint","urlTemplate":"https:\/\/kreatorniazmian.pl\/sklep\/?s={search_term_string}"},"query-input":{"@type":"PropertyValueSpecification","valueRequired":true,"valueName":"search_term_string"}}],"inLanguage":"pl-PL"},{"@type":"Organization","@id":"https:\/\/kreatorniazmian.pl\/sklep\/#organization","name":"Kreatornia Zmian Kamila Urbaniak","url":"https:\/\/kreatorniazmian.pl\/sklep\/","logo":{"@type":"ImageObject","inLanguage":"pl-PL","@id":"https:\/\/kreatorniazmian.pl\/sklep\/#\/schema\/logo\/image\/","url":"https:\/\/kreatorniazmian.pl\/sklep\/wp-content\/uploads\/2021\/04\/kreatornia-zmian.png","contentUrl":"https:\/\/kreatorniazmian.pl\/sklep\/wp-content\/uploads\/2021\/04\/kreatornia-zmian.png","width":1244,"height":669,"caption":"Kreatornia Zmian Kamila Urbaniak"},"image":{"@id":"https:\/\/kreatorniazmian.pl\/sklep\/#\/schema\/logo\/image\/"}}]}},"_links":{"self":[{"href":"https:\/\/kreatorniazmian.pl\/sklep\/wp-json\/wp\/v2\/pages\/5608","targetHints":{"allow":["GET"]}}],"collection":[{"href":"https:\/\/kreatorniazmian.pl\/sklep\/wp-json\/wp\/v2\/pages"}],"about":[{"href":"https:\/\/kreatorniazmian.pl\/sklep\/wp-json\/wp\/v2\/types\/page"}],"author":[{"embeddable":true,"href":"https:\/\/kreatorniazmian.pl\/sklep\/wp-json\/wp\/v2\/users\/1"}],"replies":[{"embeddable":true,"href":"https:\/\/kreatorniazmian.pl\/sklep\/wp-json\/wp\/v2\/comments?post=5608"}],"version-history":[{"count":0,"href":"https:\/\/kreatorniazmian.pl\/sklep\/wp-json\/wp\/v2\/pages\/5608\/revisions"}],"wp:attachment":[{"href":"https:\/\/kreatorniazmian.pl\/sklep\/wp-json\/wp\/v2\/media?parent=5608"}],"curies":[{"name":"wp","href":"https:\/\/api.w.org\/{rel}","templated":true}]}}