{"id":1419,"date":"2021-08-21T10:01:04","date_gmt":"2021-08-21T08:01:04","guid":{"rendered":"https:\/\/kreatorniazmian.pl\/sklep\/?page_id=1419"},"modified":"2025-04-12T09:57:11","modified_gmt":"2025-04-12T07:57:11","slug":"ebooki","status":"publish","type":"page","link":"https:\/\/kreatorniazmian.pl\/sklep\/ebooki\/","title":{"rendered":"Ebooki"},"content":{"rendered":"\t\t<div data-elementor-type=\"wp-page\" data-elementor-id=\"1419\" class=\"elementor elementor-1419\" data-elementor-post-type=\"page\">\n\t\t\t\t\t\t<section class=\"elementor-section elementor-top-section elementor-element elementor-element-cb3ab95 elementor-section-boxed elementor-section-height-default elementor-section-height-default\" data-id=\"cb3ab95\" data-element_type=\"section\" data-e-type=\"section\">\n\t\t\t\t\t\t<div class=\"elementor-container elementor-column-gap-default\">\n\t\t\t\t\t<div class=\"elementor-column elementor-col-100 elementor-top-column elementor-element elementor-element-41dd7c5\" data-id=\"41dd7c5\" data-element_type=\"column\" data-e-type=\"column\">\n\t\t\t<div class=\"elementor-widget-wrap elementor-element-populated\">\n\t\t\t\t\t\t<div class=\"elementor-element elementor-element-5bada03 elementor-widget elementor-widget-image\" data-id=\"5bada03\" data-element_type=\"widget\" data-e-type=\"widget\" data-widget_type=\"image.default\">\n\t\t\t\t<div class=\"elementor-widget-container\">\n\t\t\t\t\t\t\t\t\t\t\t\t\t\t\t\t<a href=\"https:\/\/kreatorniazmian.pl\/sklep\/produkt\/subskrypcja-aplikacji-mobilnej-alloweat\/\">\n\t\t\t\t\t\t\t<img fetchpriority=\"high\" decoding=\"async\" width=\"1024\" height=\"577\" src=\"https:\/\/kreatorniazmian.pl\/sklep\/wp-content\/uploads\/2024\/01\/Baner-Alloweat_sklep-1024x577.png\" class=\"attachment-large size-large wp-image-3046\" alt=\"\" srcset=\"https:\/\/kreatorniazmian.pl\/sklep\/wp-content\/uploads\/2024\/01\/Baner-Alloweat_sklep-1024x577.png 1024w, https:\/\/kreatorniazmian.pl\/sklep\/wp-content\/uploads\/2024\/01\/Baner-Alloweat_sklep-300x169.png 300w, https:\/\/kreatorniazmian.pl\/sklep\/wp-content\/uploads\/2024\/01\/Baner-Alloweat_sklep-768x433.png 768w, https:\/\/kreatorniazmian.pl\/sklep\/wp-content\/uploads\/2024\/01\/Baner-Alloweat_sklep-1536x865.png 1536w, https:\/\/kreatorniazmian.pl\/sklep\/wp-content\/uploads\/2024\/01\/Baner-Alloweat_sklep-400x225.png 400w, https:\/\/kreatorniazmian.pl\/sklep\/wp-content\/uploads\/2024\/01\/Baner-Alloweat_sklep.png 1640w\" sizes=\"(max-width: 1024px) 100vw, 1024px\" \/>\t\t\t\t\t\t\t\t<\/a>\n\t\t\t\t\t\t\t\t\t\t\t\t\t\t\t<\/div>\n\t\t\t\t<\/div>\n\t\t\t\t<div class=\"elementor-element elementor-element-a63614b elementor-widget elementor-widget-spacer\" data-id=\"a63614b\" data-element_type=\"widget\" data-e-type=\"widget\" data-widget_type=\"spacer.default\">\n\t\t\t\t<div class=\"elementor-widget-container\">\n\t\t\t\t\t\t\t<div class=\"elementor-spacer\">\n\t\t\t<div class=\"elementor-spacer-inner\"><\/div>\n\t\t<\/div>\n\t\t\t\t\t\t<\/div>\n\t\t\t\t<\/div>\n\t\t\t\t<div class=\"elementor-element elementor-element-b65d934 elementor-widget elementor-widget-heading\" data-id=\"b65d934\" data-element_type=\"widget\" data-e-type=\"widget\" data-widget_type=\"heading.default\">\n\t\t\t\t<div class=\"elementor-widget-container\">\n\t\t\t\t\t<h2 class=\"elementor-heading-title elementor-size-default\"><span class=\"underline-background\">Ebooki<\/span><\/h2>\t\t\t\t<\/div>\n\t\t\t\t<\/div>\n\t\t\t\t<div class=\"elementor-element elementor-element-62da201 elementor-widget elementor-widget-text-editor\" data-id=\"62da201\" data-element_type=\"widget\" data-e-type=\"widget\" data-widget_type=\"text-editor.default\">\n\t\t\t\t<div class=\"elementor-widget-container\">\n\t\t\t\t\t\t\t\t\t<p style=\"text-align: center;\">Znajdujesz si\u0119 w miejscu, kt\u00f3re zbiorczo pokazuje wszystkie poradniki czy ksi\u0105\u017cki elektroniczne z przepisami dost\u0119pnymi w moim sklepie. To autorskie opracowania bazuj\u0105ce na moim unikatowym do\u015bwiadczeniu zawodowym, a tak\u017ce propozycje kulinarnych pyszno\u015bci wspieraj\u0105cych zdrowie, kt\u00f3re sama lubi\u0119 gotowa\u0107 i je\u015b\u0107. S\u0105 zdrowe, smaczne, kolorowe, r\u00f3\u017cnorodne i naprawd\u0119 pyszne. Karmi\u0105 dusz\u0119 i cia\u0142o.\u00a0<\/p><p style=\"text-align: center;\"><b>Absolutnym bestsellerem sprzedanym w ponad tysi\u0105cu egzemplarzy<\/b> jest poradnik<em><strong> &#8220;Dieta w insulinooporno\u015bci. Poradnik krok po kroku&#8221;\u00a0<\/strong><\/em> wraz z jad\u0142ospisem i bonusami. Koniecznie go sprawd\u017a. \ud83d\ude42 A je\u015bli masz ochot\u0119 na co\u015b s\u0142odkiego polecam Ci &#8220;Zdrowe s\u0142odko\u015bci&#8221; z trzema jad\u0142ospisami w pakiecie. Dzi\u0119ki nim codziennie zjesz co\u015b s\u0142odkiego bez martwienia si\u0119 o swoje zdrowie.\u00a0<\/p>\t\t\t\t\t\t\t\t<\/div>\n\t\t\t\t<\/div>\n\t\t\t\t<div class=\"elementor-element elementor-element-4988198 elementor-widget elementor-widget-spacer\" data-id=\"4988198\" data-element_type=\"widget\" data-e-type=\"widget\" data-widget_type=\"spacer.default\">\n\t\t\t\t<div class=\"elementor-widget-container\">\n\t\t\t\t\t\t\t<div class=\"elementor-spacer\">\n\t\t\t<div class=\"elementor-spacer-inner\"><\/div>\n\t\t<\/div>\n\t\t\t\t\t\t<\/div>\n\t\t\t\t<\/div>\n\t\t\t\t\t<\/div>\n\t\t<\/div>\n\t\t\t\t\t<\/div>\n\t\t<\/section>\n\t\t\t\t<section class=\"elementor-section elementor-top-section elementor-element elementor-element-12c6db8 elementor-section-boxed elementor-section-height-default elementor-section-height-default\" data-id=\"12c6db8\" data-element_type=\"section\" data-e-type=\"section\">\n\t\t\t\t\t\t<div class=\"elementor-container elementor-column-gap-default\">\n\t\t\t\t\t<div class=\"elementor-column elementor-col-100 elementor-top-column elementor-element elementor-element-95c3ea3\" data-id=\"95c3ea3\" data-element_type=\"column\" data-e-type=\"column\">\n\t\t\t<div class=\"elementor-widget-wrap elementor-element-populated\">\n\t\t\t\t\t\t<div class=\"elementor-element elementor-element-689497d elementor-grid-tablet-2 elementor-grid-mobile-1 elementor-product-loop-item--align-center elementor-grid-4 elementor-products-grid elementor-wc-products elementor-widget elementor-widget-woocommerce-products\" data-id=\"689497d\" data-element_type=\"widget\" data-e-type=\"widget\" data-widget_type=\"woocommerce-products.default\">\n\t\t\t\t<div class=\"elementor-widget-container\">\n\t\t\t\t\t<div class=\"woocommerce columns-4 \"><ul class=\"products elementor-grid columns-4\">\n<li class=\"desktop-align-left tablet-align-left mobile-align-left product type-product post-1921 status-publish first instock product_cat-dieta-plodnosci product_cat-dieta-w-innych-chorobach product_cat-dieta-w-io product_cat-dieta-z-niskim-ig product_cat-ebook product_cat-pakiet has-post-thumbnail downloadable virtual taxable purchasable product-type-simple\">\n\t<a href=\"https:\/\/kreatorniazmian.pl\/sklep\/produkt\/pakiet-ebookow-zdrowe-slodkosci-i-pyszne-zupy\/\" class=\"woocommerce-LoopProduct-link woocommerce-loop-product__link\"><img decoding=\"async\" width=\"400\" height=\"400\" src=\"https:\/\/kreatorniazmian.pl\/sklep\/wp-content\/uploads\/2021\/09\/PAKIET-zdrowe-slodkos\u0301ci-i-pyszne-zupy-400x400.png\" class=\"attachment-woocommerce_thumbnail size-woocommerce_thumbnail\" alt=\"Pakiet ebook\u00f3w &quot;Zdrowe s\u0142odko\u015bci&quot; i &quot;Pyszne zupy&quot;\" srcset=\"https:\/\/kreatorniazmian.pl\/sklep\/wp-content\/uploads\/2021\/09\/PAKIET-zdrowe-slodkos\u0301ci-i-pyszne-zupy-400x400.png 400w, https:\/\/kreatorniazmian.pl\/sklep\/wp-content\/uploads\/2021\/09\/PAKIET-zdrowe-slodkos\u0301ci-i-pyszne-zupy-300x300.png 300w, https:\/\/kreatorniazmian.pl\/sklep\/wp-content\/uploads\/2021\/09\/PAKIET-zdrowe-slodkos\u0301ci-i-pyszne-zupy-150x150.png 150w, https:\/\/kreatorniazmian.pl\/sklep\/wp-content\/uploads\/2021\/09\/PAKIET-zdrowe-slodkos\u0301ci-i-pyszne-zupy-100x100.png 100w, https:\/\/kreatorniazmian.pl\/sklep\/wp-content\/uploads\/2021\/09\/PAKIET-zdrowe-slodkos\u0301ci-i-pyszne-zupy.png 500w\" sizes=\"(max-width: 400px) 100vw, 400px\" \/><h2 class=\"woocommerce-loop-product__title\">Pakiet ebook\u00f3w &#8220;Zdrowe s\u0142odko\u015bci&#8221; i &#8220;Pyszne zupy&#8221;<\/h2>\n\t<span class=\"price\"><span class=\"woocommerce-Price-amount amount\"><bdi>66.00<span class=\"woocommerce-Price-currencySymbol\">&#122;&#322;<\/span><\/bdi><\/span><\/span>\n<\/a><a href=\"https:\/\/kreatorniazmian.pl\/sklep\/produkt\/pakiet-ebookow-zdrowe-slodkosci-i-pyszne-zupy\/\" aria-describedby=\"woocommerce_loop_add_to_cart_link_describedby_1921\" data-quantity=\"1\" class=\"button product_type_simple add_to_cart_button\" data-product_id=\"1921\" data-product_sku=\"\" aria-label=\"Dodaj do koszyka: &bdquo;Pakiet ebook\u00f3w &quot;Zdrowe s\u0142odko\u015bci&quot; i &quot;Pyszne zupy&quot;&rdquo;\" rel=\"nofollow\" data-success_message=\"&ldquo;Pakiet ebook\u00f3w &quot;Zdrowe s\u0142odko\u015bci&quot; i &quot;Pyszne zupy&quot;&rdquo; zosta\u0142 dodany do twojego koszyka\">Wybierz opcje<\/a>\t<span id=\"woocommerce_loop_add_to_cart_link_describedby_1921\" class=\"screen-reader-text\">\n\t\t\t<\/span>\n<\/li>\n<li class=\"desktop-align-left tablet-align-left mobile-align-left product type-product post-168 status-publish instock product_cat-dieta-plodnosci product_cat-dieta-w-innych-chorobach product_cat-dieta-w-io product_cat-dieta-z-niskim-ig product_cat-ebook has-post-thumbnail downloadable virtual taxable purchasable product-type-simple\">\n\t<a href=\"https:\/\/kreatorniazmian.pl\/sklep\/produkt\/ebook-zdrowe-slodkosci\/\" class=\"woocommerce-LoopProduct-link woocommerce-loop-product__link\"><img decoding=\"async\" width=\"400\" height=\"400\" src=\"https:\/\/kreatorniazmian.pl\/sklep\/wp-content\/uploads\/2021\/09\/EBOOK-zdrowe-slodkos\u0301ci-400x400.png\" class=\"attachment-woocommerce_thumbnail size-woocommerce_thumbnail\" alt=\"Ebook &quot;Zdrowe s\u0142odko\u015bci&quot;\" srcset=\"https:\/\/kreatorniazmian.pl\/sklep\/wp-content\/uploads\/2021\/09\/EBOOK-zdrowe-slodkos\u0301ci-400x400.png 400w, https:\/\/kreatorniazmian.pl\/sklep\/wp-content\/uploads\/2021\/09\/EBOOK-zdrowe-slodkos\u0301ci-300x300.png 300w, https:\/\/kreatorniazmian.pl\/sklep\/wp-content\/uploads\/2021\/09\/EBOOK-zdrowe-slodkos\u0301ci-150x150.png 150w, https:\/\/kreatorniazmian.pl\/sklep\/wp-content\/uploads\/2021\/09\/EBOOK-zdrowe-slodkos\u0301ci-100x100.png 100w, https:\/\/kreatorniazmian.pl\/sklep\/wp-content\/uploads\/2021\/09\/EBOOK-zdrowe-slodkos\u0301ci.png 500w\" sizes=\"(max-width: 400px) 100vw, 400px\" \/><h2 class=\"woocommerce-loop-product__title\">Ebook &#8220;Zdrowe s\u0142odko\u015bci&#8221;<\/h2>\n\t<span class=\"price\"><span class=\"woocommerce-Price-amount amount\"><bdi>43.90<span class=\"woocommerce-Price-currencySymbol\">&#122;&#322;<\/span><\/bdi><\/span><\/span>\n<\/a><a href=\"https:\/\/kreatorniazmian.pl\/sklep\/produkt\/ebook-zdrowe-slodkosci\/\" aria-describedby=\"woocommerce_loop_add_to_cart_link_describedby_168\" data-quantity=\"1\" class=\"button product_type_simple add_to_cart_button\" data-product_id=\"168\" data-product_sku=\"\" aria-label=\"Dodaj do koszyka: &bdquo;Ebook &quot;Zdrowe s\u0142odko\u015bci&quot;&rdquo;\" rel=\"nofollow\" data-success_message=\"&ldquo;Ebook &quot;Zdrowe s\u0142odko\u015bci&quot;&rdquo; zosta\u0142 dodany do twojego koszyka\">Wybierz opcje<\/a>\t<span id=\"woocommerce_loop_add_to_cart_link_describedby_168\" class=\"screen-reader-text\">\n\t\t\t<\/span>\n<\/li>\n<li class=\"desktop-align-left tablet-align-left mobile-align-left product type-product post-324 status-publish instock product_cat-dieta-plodnosci product_cat-dieta-w-innych-chorobach product_cat-dieta-w-io product_cat-dieta-z-niskim-ig product_cat-ebook has-post-thumbnail downloadable virtual taxable purchasable product-type-simple\">\n\t<a href=\"https:\/\/kreatorniazmian.pl\/sklep\/produkt\/ebook-pyszne-zupy-zdrowe-przepisy-na-co-dzien\/\" class=\"woocommerce-LoopProduct-link woocommerce-loop-product__link\"><img loading=\"lazy\" decoding=\"async\" width=\"400\" height=\"400\" src=\"https:\/\/kreatorniazmian.pl\/sklep\/wp-content\/uploads\/2021\/09\/ebook-pyszne-zupy-400x400.png\" class=\"attachment-woocommerce_thumbnail size-woocommerce_thumbnail\" alt=\"Ebook &quot;Pyszne zupy. Zdrowe przepisy na co dzie\u0144&quot;\" srcset=\"https:\/\/kreatorniazmian.pl\/sklep\/wp-content\/uploads\/2021\/09\/ebook-pyszne-zupy-400x400.png 400w, https:\/\/kreatorniazmian.pl\/sklep\/wp-content\/uploads\/2021\/09\/ebook-pyszne-zupy-300x300.png 300w, https:\/\/kreatorniazmian.pl\/sklep\/wp-content\/uploads\/2021\/09\/ebook-pyszne-zupy-150x150.png 150w, https:\/\/kreatorniazmian.pl\/sklep\/wp-content\/uploads\/2021\/09\/ebook-pyszne-zupy-100x100.png 100w, https:\/\/kreatorniazmian.pl\/sklep\/wp-content\/uploads\/2021\/09\/ebook-pyszne-zupy.png 500w\" sizes=\"(max-width: 400px) 100vw, 400px\" \/><h2 class=\"woocommerce-loop-product__title\">Ebook &#8220;Pyszne zupy. Zdrowe przepisy na co dzie\u0144&#8221;<\/h2>\n\t<span class=\"price\"><span class=\"woocommerce-Price-amount amount\"><bdi>39.90<span class=\"woocommerce-Price-currencySymbol\">&#122;&#322;<\/span><\/bdi><\/span><\/span>\n<\/a><a href=\"https:\/\/kreatorniazmian.pl\/sklep\/produkt\/ebook-pyszne-zupy-zdrowe-przepisy-na-co-dzien\/\" aria-describedby=\"woocommerce_loop_add_to_cart_link_describedby_324\" data-quantity=\"1\" class=\"button product_type_simple add_to_cart_button\" data-product_id=\"324\" data-product_sku=\"\" aria-label=\"Dodaj do koszyka: &bdquo;Ebook &quot;Pyszne zupy. Zdrowe przepisy na co dzie\u0144&quot;&rdquo;\" rel=\"nofollow\" data-success_message=\"&ldquo;Ebook &quot;Pyszne zupy. Zdrowe przepisy na co dzie\u0144&quot;&rdquo; zosta\u0142 dodany do twojego koszyka\">Wybierz opcje<\/a>\t<span id=\"woocommerce_loop_add_to_cart_link_describedby_324\" class=\"screen-reader-text\">\n\t\t\t<\/span>\n<\/li>\n<\/ul>\n<\/div>\t\t\t\t<\/div>\n\t\t\t\t<\/div>\n\t\t\t\t\t<\/div>\n\t\t<\/div>\n\t\t\t\t\t<\/div>\n\t\t<\/section>\n\t\t\t\t<\/div>\n\t\t","protected":false},"excerpt":{"rendered":"<p>Ebooki Znajdujesz si\u0119 w miejscu, kt\u00f3re zbiorczo pokazuje wszystkie poradniki czy ksi\u0105\u017cki elektroniczne z przepisami dost\u0119pnymi w moim sklepie. To autorskie opracowania bazuj\u0105ce na moim unikatowym do\u015bwiadczeniu zawodowym, a tak\u017ce propozycje kulinarnych pyszno\u015bci wspieraj\u0105cych zdrowie, kt\u00f3re sama lubi\u0119 gotowa\u0107 i je\u015b\u0107. S\u0105 zdrowe, smaczne, kolorowe, r\u00f3\u017cnorodne i naprawd\u0119 pyszne. Karmi\u0105 dusz\u0119 i cia\u0142o.\u00a0 Absolutnym bestsellerem [&hellip;]<\/p>\n","protected":false},"author":1,"featured_media":0,"parent":0,"menu_order":0,"comment_status":"closed","ping_status":"closed","template":"elementor_header_footer","meta":{"_acf_changed":false,"site-sidebar-layout":"no-sidebar","site-content-layout":"page-builder","ast-site-content-layout":"full-width-container","site-content-style":"unboxed","site-sidebar-style":"unboxed","ast-global-header-display":"","ast-banner-title-visibility":"","ast-main-header-display":"","ast-hfb-above-header-display":"","ast-hfb-below-header-display":"","ast-hfb-mobile-header-display":"","site-post-title":"disabled","ast-breadcrumbs-content":"","ast-featured-img":"disabled","footer-sml-layout":"","ast-disable-related-posts":"","theme-transparent-header-meta":"default","adv-header-id-meta":"","stick-header-meta":"","header-above-stick-meta":"","header-main-stick-meta":"","header-below-stick-meta":"","astra-migrate-meta-layouts":"set","ast-page-background-enabled":"default","ast-page-background-meta":{"desktop":{"background-color":"","background-image":"","background-repeat":"repeat","background-position":"center center","background-size":"auto","background-attachment":"scroll","background-type":"","background-media":"","overlay-type":"","overlay-color":"","overlay-opacity":"","overlay-gradient":""},"tablet":{"background-color":"","background-image":"","background-repeat":"repeat","background-position":"center center","background-size":"auto","background-attachment":"scroll","background-type":"","background-media":"","overlay-type":"","overlay-color":"","overlay-opacity":"","overlay-gradient":""},"mobile":{"background-color":"","background-image":"","background-repeat":"repeat","background-position":"center center","background-size":"auto","background-attachment":"scroll","background-type":"","background-media":"","overlay-type":"","overlay-color":"","overlay-opacity":"","overlay-gradient":""}},"ast-content-background-meta":{"desktop":{"background-color":"var(--ast-global-color-5)","background-image":"","background-repeat":"repeat","background-position":"center center","background-size":"auto","background-attachment":"scroll","background-type":"","background-media":"","overlay-type":"","overlay-color":"","overlay-opacity":"","overlay-gradient":""},"tablet":{"background-color":"var(--ast-global-color-5)","background-image":"","background-repeat":"repeat","background-position":"center center","background-size":"auto","background-attachment":"scroll","background-type":"","background-media":"","overlay-type":"","overlay-color":"","overlay-opacity":"","overlay-gradient":""},"mobile":{"background-color":"var(--ast-global-color-5)","background-image":"","background-repeat":"repeat","background-position":"center center","background-size":"auto","background-attachment":"scroll","background-type":"","background-media":"","overlay-type":"","overlay-color":"","overlay-opacity":"","overlay-gradient":""}},"footnotes":""},"class_list":["post-1419","page","type-page","status-publish","hentry"],"acf":[],"yoast_head":"<!-- This site is optimized with the Yoast SEO plugin v27.3 - https:\/\/yoast.com\/product\/yoast-seo-wordpress\/ -->\n<title>Ebooki - Kreatornia Zmian<\/title>\n<meta name=\"robots\" content=\"index, follow, max-snippet:-1, max-image-preview:large, max-video-preview:-1\" \/>\n<link rel=\"canonical\" href=\"https:\/\/kreatorniazmian.pl\/sklep\/ebooki\/\" \/>\n<meta property=\"og:locale\" content=\"pl_PL\" \/>\n<meta property=\"og:type\" content=\"article\" \/>\n<meta property=\"og:title\" content=\"Ebooki - Kreatornia Zmian\" \/>\n<meta property=\"og:description\" content=\"Ebooki Znajdujesz si\u0119 w miejscu, kt\u00f3re zbiorczo pokazuje wszystkie poradniki czy ksi\u0105\u017cki elektroniczne z przepisami dost\u0119pnymi w moim sklepie. To autorskie opracowania bazuj\u0105ce na moim unikatowym do\u015bwiadczeniu zawodowym, a tak\u017ce propozycje kulinarnych pyszno\u015bci wspieraj\u0105cych zdrowie, kt\u00f3re sama lubi\u0119 gotowa\u0107 i je\u015b\u0107. S\u0105 zdrowe, smaczne, kolorowe, r\u00f3\u017cnorodne i naprawd\u0119 pyszne. Karmi\u0105 dusz\u0119 i cia\u0142o.\u00a0 Absolutnym bestsellerem [&hellip;]\" \/>\n<meta property=\"og:url\" content=\"https:\/\/kreatorniazmian.pl\/sklep\/ebooki\/\" \/>\n<meta property=\"og:site_name\" content=\"Kreatornia Zmian\" \/>\n<meta property=\"article:modified_time\" content=\"2025-04-12T07:57:11+00:00\" \/>\n<meta property=\"og:image\" content=\"https:\/\/kreatorniazmian.pl\/sklep\/wp-content\/uploads\/2024\/01\/Baner-Alloweat_sklep-1024x577.png\" \/>\n<meta name=\"twitter:card\" content=\"summary_large_image\" \/>\n<meta name=\"twitter:label1\" content=\"Szacowany czas czytania\" \/>\n\t<meta name=\"twitter:data1\" content=\"1 minuta\" \/>\n<script type=\"application\/ld+json\" class=\"yoast-schema-graph\">{\"@context\":\"https:\\\/\\\/schema.org\",\"@graph\":[{\"@type\":\"WebPage\",\"@id\":\"https:\\\/\\\/kreatorniazmian.pl\\\/sklep\\\/ebooki\\\/\",\"url\":\"https:\\\/\\\/kreatorniazmian.pl\\\/sklep\\\/ebooki\\\/\",\"name\":\"Ebooki - Kreatornia Zmian\",\"isPartOf\":{\"@id\":\"https:\\\/\\\/kreatorniazmian.pl\\\/sklep\\\/#website\"},\"primaryImageOfPage\":{\"@id\":\"https:\\\/\\\/kreatorniazmian.pl\\\/sklep\\\/ebooki\\\/#primaryimage\"},\"image\":{\"@id\":\"https:\\\/\\\/kreatorniazmian.pl\\\/sklep\\\/ebooki\\\/#primaryimage\"},\"thumbnailUrl\":\"https:\\\/\\\/kreatorniazmian.pl\\\/sklep\\\/wp-content\\\/uploads\\\/2024\\\/01\\\/Baner-Alloweat_sklep-1024x577.png\",\"datePublished\":\"2021-08-21T08:01:04+00:00\",\"dateModified\":\"2025-04-12T07:57:11+00:00\",\"breadcrumb\":{\"@id\":\"https:\\\/\\\/kreatorniazmian.pl\\\/sklep\\\/ebooki\\\/#breadcrumb\"},\"inLanguage\":\"pl-PL\",\"potentialAction\":[{\"@type\":\"ReadAction\",\"target\":[\"https:\\\/\\\/kreatorniazmian.pl\\\/sklep\\\/ebooki\\\/\"]}]},{\"@type\":\"ImageObject\",\"inLanguage\":\"pl-PL\",\"@id\":\"https:\\\/\\\/kreatorniazmian.pl\\\/sklep\\\/ebooki\\\/#primaryimage\",\"url\":\"https:\\\/\\\/kreatorniazmian.pl\\\/sklep\\\/wp-content\\\/uploads\\\/2024\\\/01\\\/Baner-Alloweat_sklep.png\",\"contentUrl\":\"https:\\\/\\\/kreatorniazmian.pl\\\/sklep\\\/wp-content\\\/uploads\\\/2024\\\/01\\\/Baner-Alloweat_sklep.png\",\"width\":1640,\"height\":924},{\"@type\":\"BreadcrumbList\",\"@id\":\"https:\\\/\\\/kreatorniazmian.pl\\\/sklep\\\/ebooki\\\/#breadcrumb\",\"itemListElement\":[{\"@type\":\"ListItem\",\"position\":1,\"name\":\"Strona g\u0142\u00f3wna\",\"item\":\"https:\\\/\\\/kreatorniazmian.pl\\\/sklep\\\/\"},{\"@type\":\"ListItem\",\"position\":2,\"name\":\"Ebooki\"}]},{\"@type\":\"WebSite\",\"@id\":\"https:\\\/\\\/kreatorniazmian.pl\\\/sklep\\\/#website\",\"url\":\"https:\\\/\\\/kreatorniazmian.pl\\\/sklep\\\/\",\"name\":\"Kreatornia Zmian\",\"description\":\"Dietoterapia z czu\u0142o\u015bci\u0105\",\"publisher\":{\"@id\":\"https:\\\/\\\/kreatorniazmian.pl\\\/sklep\\\/#organization\"},\"potentialAction\":[{\"@type\":\"SearchAction\",\"target\":{\"@type\":\"EntryPoint\",\"urlTemplate\":\"https:\\\/\\\/kreatorniazmian.pl\\\/sklep\\\/?s={search_term_string}\"},\"query-input\":{\"@type\":\"PropertyValueSpecification\",\"valueRequired\":true,\"valueName\":\"search_term_string\"}}],\"inLanguage\":\"pl-PL\"},{\"@type\":\"Organization\",\"@id\":\"https:\\\/\\\/kreatorniazmian.pl\\\/sklep\\\/#organization\",\"name\":\"Kreatornia Zmian Kamila Urbaniak\",\"url\":\"https:\\\/\\\/kreatorniazmian.pl\\\/sklep\\\/\",\"logo\":{\"@type\":\"ImageObject\",\"inLanguage\":\"pl-PL\",\"@id\":\"https:\\\/\\\/kreatorniazmian.pl\\\/sklep\\\/#\\\/schema\\\/logo\\\/image\\\/\",\"url\":\"https:\\\/\\\/kreatorniazmian.pl\\\/sklep\\\/wp-content\\\/uploads\\\/2021\\\/04\\\/kreatornia-zmian.png\",\"contentUrl\":\"https:\\\/\\\/kreatorniazmian.pl\\\/sklep\\\/wp-content\\\/uploads\\\/2021\\\/04\\\/kreatornia-zmian.png\",\"width\":1244,\"height\":669,\"caption\":\"Kreatornia Zmian Kamila Urbaniak\"},\"image\":{\"@id\":\"https:\\\/\\\/kreatorniazmian.pl\\\/sklep\\\/#\\\/schema\\\/logo\\\/image\\\/\"}}]}<\/script>\n<!-- \/ Yoast SEO plugin. -->","yoast_head_json":{"title":"Ebooki - Kreatornia Zmian","robots":{"index":"index","follow":"follow","max-snippet":"max-snippet:-1","max-image-preview":"max-image-preview:large","max-video-preview":"max-video-preview:-1"},"canonical":"https:\/\/kreatorniazmian.pl\/sklep\/ebooki\/","og_locale":"pl_PL","og_type":"article","og_title":"Ebooki - Kreatornia Zmian","og_description":"Ebooki Znajdujesz si\u0119 w miejscu, kt\u00f3re zbiorczo pokazuje wszystkie poradniki czy ksi\u0105\u017cki elektroniczne z przepisami dost\u0119pnymi w moim sklepie. To autorskie opracowania bazuj\u0105ce na moim unikatowym do\u015bwiadczeniu zawodowym, a tak\u017ce propozycje kulinarnych pyszno\u015bci wspieraj\u0105cych zdrowie, kt\u00f3re sama lubi\u0119 gotowa\u0107 i je\u015b\u0107. S\u0105 zdrowe, smaczne, kolorowe, r\u00f3\u017cnorodne i naprawd\u0119 pyszne. Karmi\u0105 dusz\u0119 i cia\u0142o.\u00a0 Absolutnym bestsellerem [&hellip;]","og_url":"https:\/\/kreatorniazmian.pl\/sklep\/ebooki\/","og_site_name":"Kreatornia Zmian","article_modified_time":"2025-04-12T07:57:11+00:00","og_image":[{"url":"https:\/\/kreatorniazmian.pl\/sklep\/wp-content\/uploads\/2024\/01\/Baner-Alloweat_sklep-1024x577.png","type":"","width":"","height":""}],"twitter_card":"summary_large_image","twitter_misc":{"Szacowany czas czytania":"1 minuta"},"schema":{"@context":"https:\/\/schema.org","@graph":[{"@type":"WebPage","@id":"https:\/\/kreatorniazmian.pl\/sklep\/ebooki\/","url":"https:\/\/kreatorniazmian.pl\/sklep\/ebooki\/","name":"Ebooki - Kreatornia Zmian","isPartOf":{"@id":"https:\/\/kreatorniazmian.pl\/sklep\/#website"},"primaryImageOfPage":{"@id":"https:\/\/kreatorniazmian.pl\/sklep\/ebooki\/#primaryimage"},"image":{"@id":"https:\/\/kreatorniazmian.pl\/sklep\/ebooki\/#primaryimage"},"thumbnailUrl":"https:\/\/kreatorniazmian.pl\/sklep\/wp-content\/uploads\/2024\/01\/Baner-Alloweat_sklep-1024x577.png","datePublished":"2021-08-21T08:01:04+00:00","dateModified":"2025-04-12T07:57:11+00:00","breadcrumb":{"@id":"https:\/\/kreatorniazmian.pl\/sklep\/ebooki\/#breadcrumb"},"inLanguage":"pl-PL","potentialAction":[{"@type":"ReadAction","target":["https:\/\/kreatorniazmian.pl\/sklep\/ebooki\/"]}]},{"@type":"ImageObject","inLanguage":"pl-PL","@id":"https:\/\/kreatorniazmian.pl\/sklep\/ebooki\/#primaryimage","url":"https:\/\/kreatorniazmian.pl\/sklep\/wp-content\/uploads\/2024\/01\/Baner-Alloweat_sklep.png","contentUrl":"https:\/\/kreatorniazmian.pl\/sklep\/wp-content\/uploads\/2024\/01\/Baner-Alloweat_sklep.png","width":1640,"height":924},{"@type":"BreadcrumbList","@id":"https:\/\/kreatorniazmian.pl\/sklep\/ebooki\/#breadcrumb","itemListElement":[{"@type":"ListItem","position":1,"name":"Strona g\u0142\u00f3wna","item":"https:\/\/kreatorniazmian.pl\/sklep\/"},{"@type":"ListItem","position":2,"name":"Ebooki"}]},{"@type":"WebSite","@id":"https:\/\/kreatorniazmian.pl\/sklep\/#website","url":"https:\/\/kreatorniazmian.pl\/sklep\/","name":"Kreatornia Zmian","description":"Dietoterapia z czu\u0142o\u015bci\u0105","publisher":{"@id":"https:\/\/kreatorniazmian.pl\/sklep\/#organization"},"potentialAction":[{"@type":"SearchAction","target":{"@type":"EntryPoint","urlTemplate":"https:\/\/kreatorniazmian.pl\/sklep\/?s={search_term_string}"},"query-input":{"@type":"PropertyValueSpecification","valueRequired":true,"valueName":"search_term_string"}}],"inLanguage":"pl-PL"},{"@type":"Organization","@id":"https:\/\/kreatorniazmian.pl\/sklep\/#organization","name":"Kreatornia Zmian Kamila Urbaniak","url":"https:\/\/kreatorniazmian.pl\/sklep\/","logo":{"@type":"ImageObject","inLanguage":"pl-PL","@id":"https:\/\/kreatorniazmian.pl\/sklep\/#\/schema\/logo\/image\/","url":"https:\/\/kreatorniazmian.pl\/sklep\/wp-content\/uploads\/2021\/04\/kreatornia-zmian.png","contentUrl":"https:\/\/kreatorniazmian.pl\/sklep\/wp-content\/uploads\/2021\/04\/kreatornia-zmian.png","width":1244,"height":669,"caption":"Kreatornia Zmian Kamila Urbaniak"},"image":{"@id":"https:\/\/kreatorniazmian.pl\/sklep\/#\/schema\/logo\/image\/"}}]}},"_links":{"self":[{"href":"https:\/\/kreatorniazmian.pl\/sklep\/wp-json\/wp\/v2\/pages\/1419","targetHints":{"allow":["GET"]}}],"collection":[{"href":"https:\/\/kreatorniazmian.pl\/sklep\/wp-json\/wp\/v2\/pages"}],"about":[{"href":"https:\/\/kreatorniazmian.pl\/sklep\/wp-json\/wp\/v2\/types\/page"}],"author":[{"embeddable":true,"href":"https:\/\/kreatorniazmian.pl\/sklep\/wp-json\/wp\/v2\/users\/1"}],"replies":[{"embeddable":true,"href":"https:\/\/kreatorniazmian.pl\/sklep\/wp-json\/wp\/v2\/comments?post=1419"}],"version-history":[{"count":0,"href":"https:\/\/kreatorniazmian.pl\/sklep\/wp-json\/wp\/v2\/pages\/1419\/revisions"}],"wp:attachment":[{"href":"https:\/\/kreatorniazmian.pl\/sklep\/wp-json\/wp\/v2\/media?parent=1419"}],"curies":[{"name":"wp","href":"https:\/\/api.w.org\/{rel}","templated":true}]}}