{"id":13,"date":"2021-04-07T11:08:38","date_gmt":"2021-04-07T09:08:38","guid":{"rendered":"https:\/\/kreatorniazmian.pl\/sklep\/koszyk\/"},"modified":"2021-08-23T17:40:35","modified_gmt":"2021-08-23T15:40:35","slug":"koszyk","status":"publish","type":"page","link":"https:\/\/kreatorniazmian.pl\/sklep\/koszyk\/","title":{"rendered":"Koszyk"},"content":{"rendered":"\t\t<div data-elementor-type=\"wp-page\" data-elementor-id=\"13\" class=\"elementor elementor-13\" data-elementor-post-type=\"page\">\n\t\t\t\t\t\t<section class=\"elementor-section elementor-top-section elementor-element elementor-element-d3abc1d elementor-section-boxed elementor-section-height-default elementor-section-height-default\" data-id=\"d3abc1d\" data-element_type=\"section\" data-e-type=\"section\">\n\t\t\t\t\t\t<div class=\"elementor-container elementor-column-gap-default\">\n\t\t\t\t\t<div class=\"elementor-column elementor-col-100 elementor-top-column elementor-element elementor-element-5130b1f\" data-id=\"5130b1f\" data-element_type=\"column\" data-e-type=\"column\">\n\t\t\t<div class=\"elementor-widget-wrap elementor-element-populated\">\n\t\t\t\t\t\t<div class=\"elementor-element elementor-element-b547534 elementor-widget elementor-widget-spacer\" data-id=\"b547534\" data-element_type=\"widget\" data-e-type=\"widget\" data-widget_type=\"spacer.default\">\n\t\t\t\t<div class=\"elementor-widget-container\">\n\t\t\t\t\t\t\t<div class=\"elementor-spacer\">\n\t\t\t<div class=\"elementor-spacer-inner\"><\/div>\n\t\t<\/div>\n\t\t\t\t\t\t<\/div>\n\t\t\t\t<\/div>\n\t\t\t\t<div class=\"elementor-element elementor-element-a0a2cee elementor-tablet-align-justify elementor-align-justify elementor-widget elementor-widget-button\" data-id=\"a0a2cee\" data-element_type=\"widget\" data-e-type=\"widget\" data-widget_type=\"button.default\">\n\t\t\t\t<div class=\"elementor-widget-container\">\n\t\t\t\t\t\t\t\t\t<div class=\"elementor-button-wrapper\">\n\t\t\t\t\t<a class=\"elementor-button elementor-button-link elementor-size-md\" href=\"https:\/\/kreatorniazmian.pl\/sklep\/\">\n\t\t\t\t\t\t<span class=\"elementor-button-content-wrapper\">\n\t\t\t\t\t\t\t\t\t<span class=\"elementor-button-text\">WR\u00d3\u0106 DO SKLEPU<\/span>\n\t\t\t\t\t<\/span>\n\t\t\t\t\t<\/a>\n\t\t\t\t<\/div>\n\t\t\t\t\t\t\t\t<\/div>\n\t\t\t\t<\/div>\n\t\t\t\t<div class=\"elementor-element elementor-element-3bde45b elementor-widget elementor-widget-spacer\" data-id=\"3bde45b\" data-element_type=\"widget\" data-e-type=\"widget\" data-widget_type=\"spacer.default\">\n\t\t\t\t<div class=\"elementor-widget-container\">\n\t\t\t\t\t\t\t<div class=\"elementor-spacer\">\n\t\t\t<div class=\"elementor-spacer-inner\"><\/div>\n\t\t<\/div>\n\t\t\t\t\t\t<\/div>\n\t\t\t\t<\/div>\n\t\t\t\t\t<\/div>\n\t\t<\/div>\n\t\t\t\t\t<\/div>\n\t\t<\/section>\n\t\t\t\t<section class=\"elementor-section elementor-top-section elementor-element elementor-element-37300de1 elementor-section-boxed elementor-section-height-default elementor-section-height-default\" data-id=\"37300de1\" data-element_type=\"section\" data-e-type=\"section\">\n\t\t\t\t\t\t<div class=\"elementor-container elementor-column-gap-default\">\n\t\t\t\t\t<div class=\"elementor-column elementor-col-100 elementor-top-column elementor-element elementor-element-41229c0\" data-id=\"41229c0\" data-element_type=\"column\" data-e-type=\"column\">\n\t\t\t<div class=\"elementor-widget-wrap elementor-element-populated\">\n\t\t\t\t\t\t<div class=\"elementor-element elementor-element-763975c8 elementor-widget elementor-widget-text-editor\" data-id=\"763975c8\" data-element_type=\"widget\" data-e-type=\"widget\" data-widget_type=\"text-editor.default\">\n\t\t\t\t<div class=\"elementor-widget-container\">\n\t\t\t\t\t\t\t\t\t\t\t\t\t\t\t\t\t<\/div>\n\t\t\t\t<\/div>\n\t\t\t\t\t<\/div>\n\t\t<\/div>\n\t\t\t\t\t<\/div>\n\t\t<\/section>\n\t\t\t\t<\/div>\n\t\t","protected":false},"excerpt":{"rendered":"<p>WR\u00d3\u0106 DO SKLEPU<\/p>\n","protected":false},"author":1,"featured_media":0,"parent":0,"menu_order":0,"comment_status":"closed","ping_status":"closed","template":"","meta":{"_acf_changed":false,"site-sidebar-layout":"default","site-content-layout":"","ast-site-content-layout":"default","site-content-style":"default","site-sidebar-style":"default","ast-global-header-display":"","ast-banner-title-visibility":"","ast-main-header-display":"","ast-hfb-above-header-display":"","ast-hfb-below-header-display":"","ast-hfb-mobile-header-display":"","site-post-title":"","ast-breadcrumbs-content":"","ast-featured-img":"","footer-sml-layout":"","ast-disable-related-posts":"","theme-transparent-header-meta":"","adv-header-id-meta":"","stick-header-meta":"","header-above-stick-meta":"","header-main-stick-meta":"","header-below-stick-meta":"","astra-migrate-meta-layouts":"default","ast-page-background-enabled":"default","ast-page-background-meta":{"desktop":{"background-color":"","background-image":"","background-repeat":"repeat","background-position":"center center","background-size":"auto","background-attachment":"scroll","background-type":"","background-media":"","overlay-type":"","overlay-color":"","overlay-opacity":"","overlay-gradient":""},"tablet":{"background-color":"","background-image":"","background-repeat":"repeat","background-position":"center center","background-size":"auto","background-attachment":"scroll","background-type":"","background-media":"","overlay-type":"","overlay-color":"","overlay-opacity":"","overlay-gradient":""},"mobile":{"background-color":"","background-image":"","background-repeat":"repeat","background-position":"center center","background-size":"auto","background-attachment":"scroll","background-type":"","background-media":"","overlay-type":"","overlay-color":"","overlay-opacity":"","overlay-gradient":""}},"ast-content-background-meta":{"desktop":{"background-color":"var(--ast-global-color-5)","background-image":"","background-repeat":"repeat","background-position":"center center","background-size":"auto","background-attachment":"scroll","background-type":"","background-media":"","overlay-type":"","overlay-color":"","overlay-opacity":"","overlay-gradient":""},"tablet":{"background-color":"var(--ast-global-color-5)","background-image":"","background-repeat":"repeat","background-position":"center center","background-size":"auto","background-attachment":"scroll","background-type":"","background-media":"","overlay-type":"","overlay-color":"","overlay-opacity":"","overlay-gradient":""},"mobile":{"background-color":"var(--ast-global-color-5)","background-image":"","background-repeat":"repeat","background-position":"center center","background-size":"auto","background-attachment":"scroll","background-type":"","background-media":"","overlay-type":"","overlay-color":"","overlay-opacity":"","overlay-gradient":""}},"footnotes":""},"class_list":["post-13","page","type-page","status-publish","hentry"],"acf":[],"yoast_head":"<!-- This site is optimized with the Yoast SEO plugin v27.3 - https:\/\/yoast.com\/product\/yoast-seo-wordpress\/ -->\n<title>Koszyk - Kreatornia Zmian<\/title>\n<meta name=\"robots\" content=\"index, follow, max-snippet:-1, max-image-preview:large, max-video-preview:-1\" \/>\n<link rel=\"canonical\" href=\"https:\/\/kreatorniazmian.pl\/sklep\/koszyk\/\" \/>\n<meta property=\"og:locale\" content=\"pl_PL\" \/>\n<meta property=\"og:type\" content=\"article\" \/>\n<meta property=\"og:title\" content=\"Koszyk - Kreatornia Zmian\" \/>\n<meta property=\"og:description\" content=\"WR\u00d3\u0106 DO SKLEPU\" \/>\n<meta property=\"og:url\" content=\"https:\/\/kreatorniazmian.pl\/sklep\/koszyk\/\" \/>\n<meta property=\"og:site_name\" content=\"Kreatornia Zmian\" \/>\n<meta property=\"article:modified_time\" content=\"2021-08-23T15:40:35+00:00\" \/>\n<meta name=\"twitter:card\" content=\"summary_large_image\" \/>\n<script type=\"application\/ld+json\" class=\"yoast-schema-graph\">{\"@context\":\"https:\\\/\\\/schema.org\",\"@graph\":[{\"@type\":\"WebPage\",\"@id\":\"https:\\\/\\\/kreatorniazmian.pl\\\/sklep\\\/koszyk\\\/\",\"url\":\"https:\\\/\\\/kreatorniazmian.pl\\\/sklep\\\/koszyk\\\/\",\"name\":\"Koszyk - Kreatornia Zmian\",\"isPartOf\":{\"@id\":\"https:\\\/\\\/kreatorniazmian.pl\\\/sklep\\\/#website\"},\"datePublished\":\"2021-04-07T09:08:38+00:00\",\"dateModified\":\"2021-08-23T15:40:35+00:00\",\"breadcrumb\":{\"@id\":\"https:\\\/\\\/kreatorniazmian.pl\\\/sklep\\\/koszyk\\\/#breadcrumb\"},\"inLanguage\":\"pl-PL\",\"potentialAction\":[{\"@type\":\"ReadAction\",\"target\":[\"https:\\\/\\\/kreatorniazmian.pl\\\/sklep\\\/koszyk\\\/\"]}]},{\"@type\":\"BreadcrumbList\",\"@id\":\"https:\\\/\\\/kreatorniazmian.pl\\\/sklep\\\/koszyk\\\/#breadcrumb\",\"itemListElement\":[{\"@type\":\"ListItem\",\"position\":1,\"name\":\"Strona g\u0142\u00f3wna\",\"item\":\"https:\\\/\\\/kreatorniazmian.pl\\\/sklep\\\/\"},{\"@type\":\"ListItem\",\"position\":2,\"name\":\"Koszyk\"}]},{\"@type\":\"WebSite\",\"@id\":\"https:\\\/\\\/kreatorniazmian.pl\\\/sklep\\\/#website\",\"url\":\"https:\\\/\\\/kreatorniazmian.pl\\\/sklep\\\/\",\"name\":\"Kreatornia Zmian\",\"description\":\"Dietoterapia z czu\u0142o\u015bci\u0105\",\"publisher\":{\"@id\":\"https:\\\/\\\/kreatorniazmian.pl\\\/sklep\\\/#organization\"},\"potentialAction\":[{\"@type\":\"SearchAction\",\"target\":{\"@type\":\"EntryPoint\",\"urlTemplate\":\"https:\\\/\\\/kreatorniazmian.pl\\\/sklep\\\/?s={search_term_string}\"},\"query-input\":{\"@type\":\"PropertyValueSpecification\",\"valueRequired\":true,\"valueName\":\"search_term_string\"}}],\"inLanguage\":\"pl-PL\"},{\"@type\":\"Organization\",\"@id\":\"https:\\\/\\\/kreatorniazmian.pl\\\/sklep\\\/#organization\",\"name\":\"Kreatornia Zmian Kamila Urbaniak\",\"url\":\"https:\\\/\\\/kreatorniazmian.pl\\\/sklep\\\/\",\"logo\":{\"@type\":\"ImageObject\",\"inLanguage\":\"pl-PL\",\"@id\":\"https:\\\/\\\/kreatorniazmian.pl\\\/sklep\\\/#\\\/schema\\\/logo\\\/image\\\/\",\"url\":\"https:\\\/\\\/kreatorniazmian.pl\\\/sklep\\\/wp-content\\\/uploads\\\/2021\\\/04\\\/kreatornia-zmian.png\",\"contentUrl\":\"https:\\\/\\\/kreatorniazmian.pl\\\/sklep\\\/wp-content\\\/uploads\\\/2021\\\/04\\\/kreatornia-zmian.png\",\"width\":1244,\"height\":669,\"caption\":\"Kreatornia Zmian Kamila Urbaniak\"},\"image\":{\"@id\":\"https:\\\/\\\/kreatorniazmian.pl\\\/sklep\\\/#\\\/schema\\\/logo\\\/image\\\/\"}}]}<\/script>\n<!-- \/ Yoast SEO plugin. -->","yoast_head_json":{"title":"Koszyk - Kreatornia Zmian","robots":{"index":"index","follow":"follow","max-snippet":"max-snippet:-1","max-image-preview":"max-image-preview:large","max-video-preview":"max-video-preview:-1"},"canonical":"https:\/\/kreatorniazmian.pl\/sklep\/koszyk\/","og_locale":"pl_PL","og_type":"article","og_title":"Koszyk - Kreatornia Zmian","og_description":"WR\u00d3\u0106 DO SKLEPU","og_url":"https:\/\/kreatorniazmian.pl\/sklep\/koszyk\/","og_site_name":"Kreatornia Zmian","article_modified_time":"2021-08-23T15:40:35+00:00","twitter_card":"summary_large_image","schema":{"@context":"https:\/\/schema.org","@graph":[{"@type":"WebPage","@id":"https:\/\/kreatorniazmian.pl\/sklep\/koszyk\/","url":"https:\/\/kreatorniazmian.pl\/sklep\/koszyk\/","name":"Koszyk - Kreatornia Zmian","isPartOf":{"@id":"https:\/\/kreatorniazmian.pl\/sklep\/#website"},"datePublished":"2021-04-07T09:08:38+00:00","dateModified":"2021-08-23T15:40:35+00:00","breadcrumb":{"@id":"https:\/\/kreatorniazmian.pl\/sklep\/koszyk\/#breadcrumb"},"inLanguage":"pl-PL","potentialAction":[{"@type":"ReadAction","target":["https:\/\/kreatorniazmian.pl\/sklep\/koszyk\/"]}]},{"@type":"BreadcrumbList","@id":"https:\/\/kreatorniazmian.pl\/sklep\/koszyk\/#breadcrumb","itemListElement":[{"@type":"ListItem","position":1,"name":"Strona g\u0142\u00f3wna","item":"https:\/\/kreatorniazmian.pl\/sklep\/"},{"@type":"ListItem","position":2,"name":"Koszyk"}]},{"@type":"WebSite","@id":"https:\/\/kreatorniazmian.pl\/sklep\/#website","url":"https:\/\/kreatorniazmian.pl\/sklep\/","name":"Kreatornia Zmian","description":"Dietoterapia z czu\u0142o\u015bci\u0105","publisher":{"@id":"https:\/\/kreatorniazmian.pl\/sklep\/#organization"},"potentialAction":[{"@type":"SearchAction","target":{"@type":"EntryPoint","urlTemplate":"https:\/\/kreatorniazmian.pl\/sklep\/?s={search_term_string}"},"query-input":{"@type":"PropertyValueSpecification","valueRequired":true,"valueName":"search_term_string"}}],"inLanguage":"pl-PL"},{"@type":"Organization","@id":"https:\/\/kreatorniazmian.pl\/sklep\/#organization","name":"Kreatornia Zmian Kamila Urbaniak","url":"https:\/\/kreatorniazmian.pl\/sklep\/","logo":{"@type":"ImageObject","inLanguage":"pl-PL","@id":"https:\/\/kreatorniazmian.pl\/sklep\/#\/schema\/logo\/image\/","url":"https:\/\/kreatorniazmian.pl\/sklep\/wp-content\/uploads\/2021\/04\/kreatornia-zmian.png","contentUrl":"https:\/\/kreatorniazmian.pl\/sklep\/wp-content\/uploads\/2021\/04\/kreatornia-zmian.png","width":1244,"height":669,"caption":"Kreatornia Zmian Kamila Urbaniak"},"image":{"@id":"https:\/\/kreatorniazmian.pl\/sklep\/#\/schema\/logo\/image\/"}}]}},"_links":{"self":[{"href":"https:\/\/kreatorniazmian.pl\/sklep\/wp-json\/wp\/v2\/pages\/13","targetHints":{"allow":["GET"]}}],"collection":[{"href":"https:\/\/kreatorniazmian.pl\/sklep\/wp-json\/wp\/v2\/pages"}],"about":[{"href":"https:\/\/kreatorniazmian.pl\/sklep\/wp-json\/wp\/v2\/types\/page"}],"author":[{"embeddable":true,"href":"https:\/\/kreatorniazmian.pl\/sklep\/wp-json\/wp\/v2\/users\/1"}],"replies":[{"embeddable":true,"href":"https:\/\/kreatorniazmian.pl\/sklep\/wp-json\/wp\/v2\/comments?post=13"}],"version-history":[{"count":0,"href":"https:\/\/kreatorniazmian.pl\/sklep\/wp-json\/wp\/v2\/pages\/13\/revisions"}],"wp:attachment":[{"href":"https:\/\/kreatorniazmian.pl\/sklep\/wp-json\/wp\/v2\/media?parent=13"}],"curies":[{"name":"wp","href":"https:\/\/api.w.org\/{rel}","templated":true}]}}