{"id":1284,"date":"2021-08-20T08:37:48","date_gmt":"2021-08-20T06:37:48","guid":{"rendered":"https:\/\/kreatorniazmian.pl\/sklep\/?page_id=1284"},"modified":"2025-04-12T10:26:18","modified_gmt":"2025-04-12T08:26:18","slug":"oszczedzaj-w-pakietach","status":"publish","type":"page","link":"https:\/\/kreatorniazmian.pl\/sklep\/oszczedzaj-w-pakietach\/","title":{"rendered":"Oszcz\u0119dzaj w pakietach"},"content":{"rendered":"\t\t<div data-elementor-type=\"wp-page\" data-elementor-id=\"1284\" class=\"elementor elementor-1284\" data-elementor-post-type=\"page\">\n\t\t\t\t\t\t<section class=\"elementor-section elementor-top-section elementor-element elementor-element-183c7f0 elementor-section-boxed elementor-section-height-default elementor-section-height-default\" data-id=\"183c7f0\" data-element_type=\"section\" data-e-type=\"section\">\n\t\t\t\t\t\t<div class=\"elementor-container elementor-column-gap-default\">\n\t\t\t\t\t<div class=\"elementor-column elementor-col-100 elementor-top-column elementor-element elementor-element-c2371f1\" data-id=\"c2371f1\" data-element_type=\"column\" data-e-type=\"column\">\n\t\t\t<div class=\"elementor-widget-wrap elementor-element-populated\">\n\t\t\t\t\t\t<div class=\"elementor-element elementor-element-2e1807e elementor-widget elementor-widget-spacer\" data-id=\"2e1807e\" data-element_type=\"widget\" data-e-type=\"widget\" data-widget_type=\"spacer.default\">\n\t\t\t\t<div class=\"elementor-widget-container\">\n\t\t\t\t\t\t\t<div class=\"elementor-spacer\">\n\t\t\t<div class=\"elementor-spacer-inner\"><\/div>\n\t\t<\/div>\n\t\t\t\t\t\t<\/div>\n\t\t\t\t<\/div>\n\t\t\t\t<div class=\"elementor-element elementor-element-178b9fe elementor-widget elementor-widget-heading\" data-id=\"178b9fe\" data-element_type=\"widget\" data-e-type=\"widget\" data-widget_type=\"heading.default\">\n\t\t\t\t<div class=\"elementor-widget-container\">\n\t\t\t\t\t<h2 class=\"elementor-heading-title elementor-size-default\"><span class=\"underline-background\">Oszcz\u0119dzaj w pakietach<\/span><\/h2>\t\t\t\t<\/div>\n\t\t\t\t<\/div>\n\t\t\t\t<div class=\"elementor-element elementor-element-6a741b7 elementor-widget elementor-widget-text-editor\" data-id=\"6a741b7\" data-element_type=\"widget\" data-e-type=\"widget\" data-widget_type=\"text-editor.default\">\n\t\t\t\t<div class=\"elementor-widget-container\">\n\t\t\t\t\t\t\t\t\t<p style=\"text-align: center;\">Ta sekcja zosta\u0142a stworzona po to by z \u0142atwo\u015bci\u0105 wyszuka\u0107 produkty spakowane dla Ciebie w specjalne paczki czyli pakiety. Kupuj\u0105c je w takiej formie <b>masz pewno\u015b\u0107, \u017ce oszcz\u0119dzasz minimum 20% ich ceny poza pakietem.<\/b> To spora oszcz\u0119dno\u015b\u0107.\u00a0<\/p>\t\t\t\t\t\t\t\t<\/div>\n\t\t\t\t<\/div>\n\t\t\t\t\t<\/div>\n\t\t<\/div>\n\t\t\t\t\t<\/div>\n\t\t<\/section>\n\t\t\t\t<section class=\"elementor-section elementor-top-section elementor-element elementor-element-387d792 elementor-section-boxed elementor-section-height-default elementor-section-height-default\" data-id=\"387d792\" data-element_type=\"section\" data-e-type=\"section\">\n\t\t\t\t\t\t<div class=\"elementor-container elementor-column-gap-default\">\n\t\t\t\t\t<div class=\"elementor-column elementor-col-100 elementor-top-column elementor-element elementor-element-ae0c003\" data-id=\"ae0c003\" data-element_type=\"column\" data-e-type=\"column\">\n\t\t\t<div class=\"elementor-widget-wrap elementor-element-populated\">\n\t\t\t\t\t\t<div class=\"elementor-element elementor-element-094e793 elementor-grid-tablet-2 elementor-grid-mobile-1 elementor-product-loop-item--align-center elementor-grid-4 elementor-products-grid elementor-wc-products elementor-show-pagination-border-yes elementor-widget elementor-widget-woocommerce-products\" data-id=\"094e793\" data-element_type=\"widget\" data-e-type=\"widget\" data-widget_type=\"woocommerce-products.default\">\n\t\t\t\t<div class=\"elementor-widget-container\">\n\t\t\t\t\t<div class=\"woocommerce columns-4 \"><div class=\"woocommerce-notices-wrapper\"><\/div><p class=\"woocommerce-result-count\" role=\"alert\" aria-relevant=\"all\" >\n\tWy\u015bwietlanie wszystkich wynik\u00f3w: 3<\/p>\n<form class=\"woocommerce-ordering\" method=\"get\">\n\t\t<select\n\t\tname=\"orderby\"\n\t\tclass=\"orderby\"\n\t\t\t\t\taria-label=\"Zam\u00f3wienie w sklepie\"\n\t\t\t>\n\t\t\t\t\t<option value=\"menu_order\"  selected='selected'>Domy\u015blne sortowanie<\/option>\n\t\t\t\t\t<option value=\"popularity\" >Sortuj wg popularno\u015bci<\/option>\n\t\t\t\t\t<option value=\"rating\" >Sortuj wg \u015bredniej oceny<\/option>\n\t\t\t\t\t<option value=\"date\" >Sortuj od najnowszych<\/option>\n\t\t\t\t\t<option value=\"price\" >Sortuj po cenie od najni\u017cszej<\/option>\n\t\t\t\t\t<option value=\"price-desc\" >Sortuj po cenie od najwy\u017cszej<\/option>\n\t\t\t<\/select>\n\t<input type=\"hidden\" name=\"paged\" value=\"1\" \/>\n\t<\/form>\n<ul class=\"products elementor-grid columns-4\">\n<li class=\"desktop-align-left tablet-align-left mobile-align-left product type-product post-1921 status-publish first instock product_cat-dieta-plodnosci product_cat-dieta-w-innych-chorobach product_cat-dieta-w-io product_cat-dieta-z-niskim-ig product_cat-ebook product_cat-pakiet has-post-thumbnail downloadable virtual taxable purchasable product-type-simple\">\n\t<a href=\"https:\/\/kreatorniazmian.pl\/sklep\/produkt\/pakiet-ebookow-zdrowe-slodkosci-i-pyszne-zupy\/\" class=\"woocommerce-LoopProduct-link woocommerce-loop-product__link\"><img fetchpriority=\"high\" decoding=\"async\" width=\"400\" height=\"400\" src=\"https:\/\/kreatorniazmian.pl\/sklep\/wp-content\/uploads\/2021\/09\/PAKIET-zdrowe-slodkos\u0301ci-i-pyszne-zupy-400x400.png\" class=\"attachment-woocommerce_thumbnail size-woocommerce_thumbnail\" alt=\"Pakiet ebook\u00f3w &quot;Zdrowe s\u0142odko\u015bci&quot; i &quot;Pyszne zupy&quot;\" srcset=\"https:\/\/kreatorniazmian.pl\/sklep\/wp-content\/uploads\/2021\/09\/PAKIET-zdrowe-slodkos\u0301ci-i-pyszne-zupy-400x400.png 400w, https:\/\/kreatorniazmian.pl\/sklep\/wp-content\/uploads\/2021\/09\/PAKIET-zdrowe-slodkos\u0301ci-i-pyszne-zupy-300x300.png 300w, https:\/\/kreatorniazmian.pl\/sklep\/wp-content\/uploads\/2021\/09\/PAKIET-zdrowe-slodkos\u0301ci-i-pyszne-zupy-150x150.png 150w, https:\/\/kreatorniazmian.pl\/sklep\/wp-content\/uploads\/2021\/09\/PAKIET-zdrowe-slodkos\u0301ci-i-pyszne-zupy-100x100.png 100w, https:\/\/kreatorniazmian.pl\/sklep\/wp-content\/uploads\/2021\/09\/PAKIET-zdrowe-slodkos\u0301ci-i-pyszne-zupy.png 500w\" sizes=\"(max-width: 400px) 100vw, 400px\" \/><h2 class=\"woocommerce-loop-product__title\">Pakiet ebook\u00f3w &#8220;Zdrowe s\u0142odko\u015bci&#8221; i &#8220;Pyszne zupy&#8221;<\/h2>\n\t<span class=\"price\"><span class=\"woocommerce-Price-amount amount\"><bdi>66.00<span class=\"woocommerce-Price-currencySymbol\">&#122;&#322;<\/span><\/bdi><\/span><\/span>\n<\/a><a href=\"https:\/\/kreatorniazmian.pl\/sklep\/produkt\/pakiet-ebookow-zdrowe-slodkosci-i-pyszne-zupy\/\" aria-describedby=\"woocommerce_loop_add_to_cart_link_describedby_1921\" data-quantity=\"1\" class=\"button product_type_simple add_to_cart_button\" data-product_id=\"1921\" data-product_sku=\"\" aria-label=\"Dodaj do koszyka: &bdquo;Pakiet ebook\u00f3w &quot;Zdrowe s\u0142odko\u015bci&quot; i &quot;Pyszne zupy&quot;&rdquo;\" rel=\"nofollow\" data-success_message=\"&ldquo;Pakiet ebook\u00f3w &quot;Zdrowe s\u0142odko\u015bci&quot; i &quot;Pyszne zupy&quot;&rdquo; zosta\u0142 dodany do twojego koszyka\">Wybierz opcje<\/a>\t<span id=\"woocommerce_loop_add_to_cart_link_describedby_1921\" class=\"screen-reader-text\">\n\t\t\t<\/span>\n<\/li>\n<li class=\"desktop-align-left tablet-align-left mobile-align-left product type-product post-4663 status-publish instock product_cat-pakiet product_cat-szkolenia has-post-thumbnail taxable shipping-taxable purchasable product-type-variable\">\n\t<a href=\"https:\/\/kreatorniazmian.pl\/sklep\/produkt\/waga-hormony-i-psychika-w-rownowadze-szkolenie-z-jadlospisem\/\" class=\"woocommerce-LoopProduct-link woocommerce-loop-product__link\"><img decoding=\"async\" width=\"400\" height=\"400\" src=\"https:\/\/kreatorniazmian.pl\/sklep\/wp-content\/uploads\/2024\/10\/pakiet-1-400x400.png\" class=\"attachment-woocommerce_thumbnail size-woocommerce_thumbnail\" alt=\"Waga, hormony i psychika w r\u00f3wnowadze. Szkolenie z jad\u0142ospisem\" srcset=\"https:\/\/kreatorniazmian.pl\/sklep\/wp-content\/uploads\/2024\/10\/pakiet-1-400x400.png 400w, https:\/\/kreatorniazmian.pl\/sklep\/wp-content\/uploads\/2024\/10\/pakiet-1-300x300.png 300w, https:\/\/kreatorniazmian.pl\/sklep\/wp-content\/uploads\/2024\/10\/pakiet-1-1024x1024.png 1024w, https:\/\/kreatorniazmian.pl\/sklep\/wp-content\/uploads\/2024\/10\/pakiet-1-150x150.png 150w, https:\/\/kreatorniazmian.pl\/sklep\/wp-content\/uploads\/2024\/10\/pakiet-1-768x768.png 768w, https:\/\/kreatorniazmian.pl\/sklep\/wp-content\/uploads\/2024\/10\/pakiet-1-1536x1536.png 1536w, https:\/\/kreatorniazmian.pl\/sklep\/wp-content\/uploads\/2024\/10\/pakiet-1-100x100.png 100w, https:\/\/kreatorniazmian.pl\/sklep\/wp-content\/uploads\/2024\/10\/pakiet-1.png 2000w\" sizes=\"(max-width: 400px) 100vw, 400px\" \/><h2 class=\"woocommerce-loop-product__title\">Waga, hormony i psychika w r\u00f3wnowadze. Szkolenie z jad\u0142ospisem<\/h2>\n\t<span class=\"price\"><span class=\"woocommerce-Price-amount amount\"><bdi>349.00<span class=\"woocommerce-Price-currencySymbol\">&#122;&#322;<\/span><\/bdi><\/span><\/span>\n<\/a><a href=\"https:\/\/kreatorniazmian.pl\/sklep\/produkt\/waga-hormony-i-psychika-w-rownowadze-szkolenie-z-jadlospisem\/\" aria-describedby=\"woocommerce_loop_add_to_cart_link_describedby_4663\" data-quantity=\"1\" class=\"button product_type_variable add_to_cart_button\" data-product_id=\"4663\" data-product_sku=\"\" aria-label=\"Wybierz opcje dla &bdquo;Waga, hormony i psychika w r\u00f3wnowadze. Szkolenie z jad\u0142ospisem&rdquo;\" rel=\"nofollow\">Wybierz opcje<\/a>\t<span id=\"woocommerce_loop_add_to_cart_link_describedby_4663\" class=\"screen-reader-text\">\n\t\tTen produkt ma wiele wariant\u00f3w. Opcje mo\u017cna wybra\u0107 na stronie produktu\t<\/span>\n<\/li>\n<li class=\"desktop-align-left tablet-align-left mobile-align-left product type-product post-4678 status-publish instock product_cat-pakiet product_cat-szkolenia has-post-thumbnail taxable shipping-taxable purchasable product-type-variable\">\n\t<a href=\"https:\/\/kreatorniazmian.pl\/sklep\/produkt\/waga-hormony-i-psychika-w-rownowadze-szkolenie-z-jadlospisem-i-aplikacja\/\" class=\"woocommerce-LoopProduct-link woocommerce-loop-product__link\"><img decoding=\"async\" width=\"400\" height=\"400\" src=\"https:\/\/kreatorniazmian.pl\/sklep\/wp-content\/uploads\/2024\/10\/pakiet-2-400x400.png\" class=\"attachment-woocommerce_thumbnail size-woocommerce_thumbnail\" alt=\"Waga, hormony i psychika w r\u00f3wnowadze. Szkolenie z jad\u0142ospisem i aplikacj\u0105 Alloweat na 3-miesi\u0105ce\" srcset=\"https:\/\/kreatorniazmian.pl\/sklep\/wp-content\/uploads\/2024\/10\/pakiet-2-400x400.png 400w, https:\/\/kreatorniazmian.pl\/sklep\/wp-content\/uploads\/2024\/10\/pakiet-2-300x300.png 300w, https:\/\/kreatorniazmian.pl\/sklep\/wp-content\/uploads\/2024\/10\/pakiet-2-1024x1024.png 1024w, https:\/\/kreatorniazmian.pl\/sklep\/wp-content\/uploads\/2024\/10\/pakiet-2-150x150.png 150w, https:\/\/kreatorniazmian.pl\/sklep\/wp-content\/uploads\/2024\/10\/pakiet-2-768x768.png 768w, https:\/\/kreatorniazmian.pl\/sklep\/wp-content\/uploads\/2024\/10\/pakiet-2-1536x1536.png 1536w, https:\/\/kreatorniazmian.pl\/sklep\/wp-content\/uploads\/2024\/10\/pakiet-2-100x100.png 100w, https:\/\/kreatorniazmian.pl\/sklep\/wp-content\/uploads\/2024\/10\/pakiet-2.png 2000w\" sizes=\"(max-width: 400px) 100vw, 400px\" \/><h2 class=\"woocommerce-loop-product__title\">Waga, hormony i psychika w r\u00f3wnowadze. Szkolenie z jad\u0142ospisem i aplikacj\u0105 Alloweat na 3-miesi\u0105ce<\/h2>\n\t<span class=\"price\"><span class=\"woocommerce-Price-amount amount\"><bdi>379.00<span class=\"woocommerce-Price-currencySymbol\">&#122;&#322;<\/span><\/bdi><\/span><\/span>\n<\/a><a href=\"https:\/\/kreatorniazmian.pl\/sklep\/produkt\/waga-hormony-i-psychika-w-rownowadze-szkolenie-z-jadlospisem-i-aplikacja\/\" aria-describedby=\"woocommerce_loop_add_to_cart_link_describedby_4678\" data-quantity=\"1\" class=\"button product_type_variable add_to_cart_button\" data-product_id=\"4678\" data-product_sku=\"\" aria-label=\"Wybierz opcje dla &bdquo;Waga, hormony i psychika w r\u00f3wnowadze. Szkolenie z jad\u0142ospisem i aplikacj\u0105 Alloweat na 3-miesi\u0105ce&rdquo;\" rel=\"nofollow\">Wybierz opcje<\/a>\t<span id=\"woocommerce_loop_add_to_cart_link_describedby_4678\" class=\"screen-reader-text\">\n\t\tTen produkt ma wiele wariant\u00f3w. Opcje mo\u017cna wybra\u0107 na stronie produktu\t<\/span>\n<\/li>\n<\/ul>\n<\/div>\t\t\t\t<\/div>\n\t\t\t\t<\/div>\n\t\t\t\t\t<\/div>\n\t\t<\/div>\n\t\t\t\t\t<\/div>\n\t\t<\/section>\n\t\t\t\t<\/div>\n\t\t","protected":false},"excerpt":{"rendered":"<p>Oszcz\u0119dzaj w pakietach Ta sekcja zosta\u0142a stworzona po to by z \u0142atwo\u015bci\u0105 wyszuka\u0107 produkty spakowane dla Ciebie w specjalne paczki czyli pakiety. Kupuj\u0105c je w takiej formie masz pewno\u015b\u0107, \u017ce oszcz\u0119dzasz minimum 20% ich ceny poza pakietem. To spora oszcz\u0119dno\u015b\u0107.\u00a0<\/p>\n","protected":false},"author":1,"featured_media":0,"parent":0,"menu_order":0,"comment_status":"closed","ping_status":"closed","template":"elementor_header_footer","meta":{"_acf_changed":false,"site-sidebar-layout":"no-sidebar","site-content-layout":"page-builder","ast-site-content-layout":"full-width-container","site-content-style":"unboxed","site-sidebar-style":"unboxed","ast-global-header-display":"","ast-banner-title-visibility":"","ast-main-header-display":"","ast-hfb-above-header-display":"","ast-hfb-below-header-display":"","ast-hfb-mobile-header-display":"","site-post-title":"disabled","ast-breadcrumbs-content":"","ast-featured-img":"disabled","footer-sml-layout":"","ast-disable-related-posts":"","theme-transparent-header-meta":"default","adv-header-id-meta":"","stick-header-meta":"","header-above-stick-meta":"","header-main-stick-meta":"","header-below-stick-meta":"","astra-migrate-meta-layouts":"set","ast-page-background-enabled":"default","ast-page-background-meta":{"desktop":{"background-color":"","background-image":"","background-repeat":"repeat","background-position":"center center","background-size":"auto","background-attachment":"scroll","background-type":"","background-media":"","overlay-type":"","overlay-color":"","overlay-opacity":"","overlay-gradient":""},"tablet":{"background-color":"","background-image":"","background-repeat":"repeat","background-position":"center center","background-size":"auto","background-attachment":"scroll","background-type":"","background-media":"","overlay-type":"","overlay-color":"","overlay-opacity":"","overlay-gradient":""},"mobile":{"background-color":"","background-image":"","background-repeat":"repeat","background-position":"center center","background-size":"auto","background-attachment":"scroll","background-type":"","background-media":"","overlay-type":"","overlay-color":"","overlay-opacity":"","overlay-gradient":""}},"ast-content-background-meta":{"desktop":{"background-color":"var(--ast-global-color-5)","background-image":"","background-repeat":"repeat","background-position":"center center","background-size":"auto","background-attachment":"scroll","background-type":"","background-media":"","overlay-type":"","overlay-color":"","overlay-opacity":"","overlay-gradient":""},"tablet":{"background-color":"var(--ast-global-color-5)","background-image":"","background-repeat":"repeat","background-position":"center center","background-size":"auto","background-attachment":"scroll","background-type":"","background-media":"","overlay-type":"","overlay-color":"","overlay-opacity":"","overlay-gradient":""},"mobile":{"background-color":"var(--ast-global-color-5)","background-image":"","background-repeat":"repeat","background-position":"center center","background-size":"auto","background-attachment":"scroll","background-type":"","background-media":"","overlay-type":"","overlay-color":"","overlay-opacity":"","overlay-gradient":""}},"footnotes":""},"class_list":["post-1284","page","type-page","status-publish","hentry"],"acf":[],"yoast_head":"<!-- This site is optimized with the Yoast SEO plugin v27.3 - https:\/\/yoast.com\/product\/yoast-seo-wordpress\/ -->\n<title>Oszcz\u0119dzaj w pakietach - Kreatornia Zmian<\/title>\n<meta name=\"robots\" content=\"index, follow, max-snippet:-1, max-image-preview:large, max-video-preview:-1\" \/>\n<link rel=\"canonical\" href=\"https:\/\/kreatorniazmian.pl\/sklep\/oszczedzaj-w-pakietach\/\" \/>\n<meta property=\"og:locale\" content=\"pl_PL\" \/>\n<meta property=\"og:type\" content=\"article\" \/>\n<meta property=\"og:title\" content=\"Oszcz\u0119dzaj w pakietach - Kreatornia Zmian\" \/>\n<meta property=\"og:description\" content=\"Oszcz\u0119dzaj w pakietach Ta sekcja zosta\u0142a stworzona po to by z \u0142atwo\u015bci\u0105 wyszuka\u0107 produkty spakowane dla Ciebie w specjalne paczki czyli pakiety. Kupuj\u0105c je w takiej formie masz pewno\u015b\u0107, \u017ce oszcz\u0119dzasz minimum 20% ich ceny poza pakietem. To spora oszcz\u0119dno\u015b\u0107.\u00a0\" \/>\n<meta property=\"og:url\" content=\"https:\/\/kreatorniazmian.pl\/sklep\/oszczedzaj-w-pakietach\/\" \/>\n<meta property=\"og:site_name\" content=\"Kreatornia Zmian\" \/>\n<meta property=\"article:modified_time\" content=\"2025-04-12T08:26:18+00:00\" \/>\n<meta name=\"twitter:card\" content=\"summary_large_image\" \/>\n<meta name=\"twitter:label1\" content=\"Szacowany czas czytania\" \/>\n\t<meta name=\"twitter:data1\" content=\"1 minuta\" \/>\n<script type=\"application\/ld+json\" class=\"yoast-schema-graph\">{\"@context\":\"https:\\\/\\\/schema.org\",\"@graph\":[{\"@type\":\"WebPage\",\"@id\":\"https:\\\/\\\/kreatorniazmian.pl\\\/sklep\\\/oszczedzaj-w-pakietach\\\/\",\"url\":\"https:\\\/\\\/kreatorniazmian.pl\\\/sklep\\\/oszczedzaj-w-pakietach\\\/\",\"name\":\"Oszcz\u0119dzaj w pakietach - Kreatornia Zmian\",\"isPartOf\":{\"@id\":\"https:\\\/\\\/kreatorniazmian.pl\\\/sklep\\\/#website\"},\"datePublished\":\"2021-08-20T06:37:48+00:00\",\"dateModified\":\"2025-04-12T08:26:18+00:00\",\"breadcrumb\":{\"@id\":\"https:\\\/\\\/kreatorniazmian.pl\\\/sklep\\\/oszczedzaj-w-pakietach\\\/#breadcrumb\"},\"inLanguage\":\"pl-PL\",\"potentialAction\":[{\"@type\":\"ReadAction\",\"target\":[\"https:\\\/\\\/kreatorniazmian.pl\\\/sklep\\\/oszczedzaj-w-pakietach\\\/\"]}]},{\"@type\":\"BreadcrumbList\",\"@id\":\"https:\\\/\\\/kreatorniazmian.pl\\\/sklep\\\/oszczedzaj-w-pakietach\\\/#breadcrumb\",\"itemListElement\":[{\"@type\":\"ListItem\",\"position\":1,\"name\":\"Strona g\u0142\u00f3wna\",\"item\":\"https:\\\/\\\/kreatorniazmian.pl\\\/sklep\\\/\"},{\"@type\":\"ListItem\",\"position\":2,\"name\":\"Oszcz\u0119dzaj w pakietach\"}]},{\"@type\":\"WebSite\",\"@id\":\"https:\\\/\\\/kreatorniazmian.pl\\\/sklep\\\/#website\",\"url\":\"https:\\\/\\\/kreatorniazmian.pl\\\/sklep\\\/\",\"name\":\"Kreatornia Zmian\",\"description\":\"Dietoterapia z czu\u0142o\u015bci\u0105\",\"publisher\":{\"@id\":\"https:\\\/\\\/kreatorniazmian.pl\\\/sklep\\\/#organization\"},\"potentialAction\":[{\"@type\":\"SearchAction\",\"target\":{\"@type\":\"EntryPoint\",\"urlTemplate\":\"https:\\\/\\\/kreatorniazmian.pl\\\/sklep\\\/?s={search_term_string}\"},\"query-input\":{\"@type\":\"PropertyValueSpecification\",\"valueRequired\":true,\"valueName\":\"search_term_string\"}}],\"inLanguage\":\"pl-PL\"},{\"@type\":\"Organization\",\"@id\":\"https:\\\/\\\/kreatorniazmian.pl\\\/sklep\\\/#organization\",\"name\":\"Kreatornia Zmian Kamila Urbaniak\",\"url\":\"https:\\\/\\\/kreatorniazmian.pl\\\/sklep\\\/\",\"logo\":{\"@type\":\"ImageObject\",\"inLanguage\":\"pl-PL\",\"@id\":\"https:\\\/\\\/kreatorniazmian.pl\\\/sklep\\\/#\\\/schema\\\/logo\\\/image\\\/\",\"url\":\"https:\\\/\\\/kreatorniazmian.pl\\\/sklep\\\/wp-content\\\/uploads\\\/2021\\\/04\\\/kreatornia-zmian.png\",\"contentUrl\":\"https:\\\/\\\/kreatorniazmian.pl\\\/sklep\\\/wp-content\\\/uploads\\\/2021\\\/04\\\/kreatornia-zmian.png\",\"width\":1244,\"height\":669,\"caption\":\"Kreatornia Zmian Kamila Urbaniak\"},\"image\":{\"@id\":\"https:\\\/\\\/kreatorniazmian.pl\\\/sklep\\\/#\\\/schema\\\/logo\\\/image\\\/\"}}]}<\/script>\n<!-- \/ Yoast SEO plugin. -->","yoast_head_json":{"title":"Oszcz\u0119dzaj w pakietach - Kreatornia Zmian","robots":{"index":"index","follow":"follow","max-snippet":"max-snippet:-1","max-image-preview":"max-image-preview:large","max-video-preview":"max-video-preview:-1"},"canonical":"https:\/\/kreatorniazmian.pl\/sklep\/oszczedzaj-w-pakietach\/","og_locale":"pl_PL","og_type":"article","og_title":"Oszcz\u0119dzaj w pakietach - Kreatornia Zmian","og_description":"Oszcz\u0119dzaj w pakietach Ta sekcja zosta\u0142a stworzona po to by z \u0142atwo\u015bci\u0105 wyszuka\u0107 produkty spakowane dla Ciebie w specjalne paczki czyli pakiety. Kupuj\u0105c je w takiej formie masz pewno\u015b\u0107, \u017ce oszcz\u0119dzasz minimum 20% ich ceny poza pakietem. To spora oszcz\u0119dno\u015b\u0107.\u00a0","og_url":"https:\/\/kreatorniazmian.pl\/sklep\/oszczedzaj-w-pakietach\/","og_site_name":"Kreatornia Zmian","article_modified_time":"2025-04-12T08:26:18+00:00","twitter_card":"summary_large_image","twitter_misc":{"Szacowany czas czytania":"1 minuta"},"schema":{"@context":"https:\/\/schema.org","@graph":[{"@type":"WebPage","@id":"https:\/\/kreatorniazmian.pl\/sklep\/oszczedzaj-w-pakietach\/","url":"https:\/\/kreatorniazmian.pl\/sklep\/oszczedzaj-w-pakietach\/","name":"Oszcz\u0119dzaj w pakietach - Kreatornia Zmian","isPartOf":{"@id":"https:\/\/kreatorniazmian.pl\/sklep\/#website"},"datePublished":"2021-08-20T06:37:48+00:00","dateModified":"2025-04-12T08:26:18+00:00","breadcrumb":{"@id":"https:\/\/kreatorniazmian.pl\/sklep\/oszczedzaj-w-pakietach\/#breadcrumb"},"inLanguage":"pl-PL","potentialAction":[{"@type":"ReadAction","target":["https:\/\/kreatorniazmian.pl\/sklep\/oszczedzaj-w-pakietach\/"]}]},{"@type":"BreadcrumbList","@id":"https:\/\/kreatorniazmian.pl\/sklep\/oszczedzaj-w-pakietach\/#breadcrumb","itemListElement":[{"@type":"ListItem","position":1,"name":"Strona g\u0142\u00f3wna","item":"https:\/\/kreatorniazmian.pl\/sklep\/"},{"@type":"ListItem","position":2,"name":"Oszcz\u0119dzaj w pakietach"}]},{"@type":"WebSite","@id":"https:\/\/kreatorniazmian.pl\/sklep\/#website","url":"https:\/\/kreatorniazmian.pl\/sklep\/","name":"Kreatornia Zmian","description":"Dietoterapia z czu\u0142o\u015bci\u0105","publisher":{"@id":"https:\/\/kreatorniazmian.pl\/sklep\/#organization"},"potentialAction":[{"@type":"SearchAction","target":{"@type":"EntryPoint","urlTemplate":"https:\/\/kreatorniazmian.pl\/sklep\/?s={search_term_string}"},"query-input":{"@type":"PropertyValueSpecification","valueRequired":true,"valueName":"search_term_string"}}],"inLanguage":"pl-PL"},{"@type":"Organization","@id":"https:\/\/kreatorniazmian.pl\/sklep\/#organization","name":"Kreatornia Zmian Kamila Urbaniak","url":"https:\/\/kreatorniazmian.pl\/sklep\/","logo":{"@type":"ImageObject","inLanguage":"pl-PL","@id":"https:\/\/kreatorniazmian.pl\/sklep\/#\/schema\/logo\/image\/","url":"https:\/\/kreatorniazmian.pl\/sklep\/wp-content\/uploads\/2021\/04\/kreatornia-zmian.png","contentUrl":"https:\/\/kreatorniazmian.pl\/sklep\/wp-content\/uploads\/2021\/04\/kreatornia-zmian.png","width":1244,"height":669,"caption":"Kreatornia Zmian Kamila Urbaniak"},"image":{"@id":"https:\/\/kreatorniazmian.pl\/sklep\/#\/schema\/logo\/image\/"}}]}},"_links":{"self":[{"href":"https:\/\/kreatorniazmian.pl\/sklep\/wp-json\/wp\/v2\/pages\/1284","targetHints":{"allow":["GET"]}}],"collection":[{"href":"https:\/\/kreatorniazmian.pl\/sklep\/wp-json\/wp\/v2\/pages"}],"about":[{"href":"https:\/\/kreatorniazmian.pl\/sklep\/wp-json\/wp\/v2\/types\/page"}],"author":[{"embeddable":true,"href":"https:\/\/kreatorniazmian.pl\/sklep\/wp-json\/wp\/v2\/users\/1"}],"replies":[{"embeddable":true,"href":"https:\/\/kreatorniazmian.pl\/sklep\/wp-json\/wp\/v2\/comments?post=1284"}],"version-history":[{"count":0,"href":"https:\/\/kreatorniazmian.pl\/sklep\/wp-json\/wp\/v2\/pages\/1284\/revisions"}],"wp:attachment":[{"href":"https:\/\/kreatorniazmian.pl\/sklep\/wp-json\/wp\/v2\/media?parent=1284"}],"curies":[{"name":"wp","href":"https:\/\/api.w.org\/{rel}","templated":true}]}}